{"id":34247,"date":"2023-01-09T11:46:37","date_gmt":"2023-01-09T09:46:37","guid":{"rendered":"https:\/\/rubi5.com\/?post_type=product&#038;p=34247"},"modified":"2024-04-19T13:25:41","modified_gmt":"2024-04-19T11:25:41","slug":"portarecetas-medico","status":"publish","type":"product","link":"https:\/\/rubi5.com\/staging\/portarecetas-medico\/","title":{"rendered":"Portarecetas m\u00e9dico"},"content":{"rendered":"","protected":false},"excerpt":{"rendered":"<p>Portarecetas en PVC. V\u00e1lido para guardar la receta electr\u00f3nica. Con fundas transparentes para guardar la receta medica y la tarjeta sanitaria.<\/p>\n","protected":false},"featured_media":62324,"template":"","meta":{"_acf_changed":false},"product_brand":[],"product_cat":[936,33,251],"product_tag":[],"class_list":{"0":"post-34247","1":"product","2":"type-product","3":"status-publish","4":"has-post-thumbnail","6":"product_cat-fundas-portadocumentos","7":"product_cat-oficina","8":"product_cat-portadocumentos-personalizados","10":"first","11":"instock","12":"taxable","13":"shipping-taxable","14":"purchasable","15":"product-type-variable"},"acf":[],"_links":{"self":[{"href":"https:\/\/rubi5.com\/staging\/wp-json\/wp\/v2\/product\/34247","targetHints":{"allow":["GET"]}}],"collection":[{"href":"https:\/\/rubi5.com\/staging\/wp-json\/wp\/v2\/product"}],"about":[{"href":"https:\/\/rubi5.com\/staging\/wp-json\/wp\/v2\/types\/product"}],"version-history":[{"count":2,"href":"https:\/\/rubi5.com\/staging\/wp-json\/wp\/v2\/product\/34247\/revisions"}],"predecessor-version":[{"id":39842,"href":"https:\/\/rubi5.com\/staging\/wp-json\/wp\/v2\/product\/34247\/revisions\/39842"}],"wp:featuredmedia":[{"embeddable":true,"href":"https:\/\/rubi5.com\/staging\/wp-json\/wp\/v2\/media\/62324"}],"wp:attachment":[{"href":"https:\/\/rubi5.com\/staging\/wp-json\/wp\/v2\/media?parent=34247"}],"wp:term":[{"taxonomy":"product_brand","embeddable":true,"href":"https:\/\/rubi5.com\/staging\/wp-json\/wp\/v2\/product_brand?post=34247"},{"taxonomy":"product_cat","embeddable":true,"href":"https:\/\/rubi5.com\/staging\/wp-json\/wp\/v2\/product_cat?post=34247"},{"taxonomy":"product_tag","embeddable":true,"href":"https:\/\/rubi5.com\/staging\/wp-json\/wp\/v2\/product_tag?post=34247"}],"curies":[{"name":"wp","href":"https:\/\/api.w.org\/{rel}","templated":true}]}}