{"id":34255,"date":"2023-01-09T11:46:38","date_gmt":"2023-01-09T09:46:38","guid":{"rendered":"https:\/\/rubi5.com\/?post_type=product&#038;p=34255"},"modified":"2024-04-19T12:39:56","modified_gmt":"2024-04-19T10:39:56","slug":"carpeta-dosier","status":"publish","type":"product","link":"https:\/\/rubi5.com\/staging\/carpeta-dosier\/","title":{"rendered":"Carpeta dosier"},"content":{"rendered":"","protected":false},"excerpt":{"rendered":"<p>Carpeta dossier de pvc.<\/p>\n<p>\u00bfTienes una reuni\u00f3n para hablar de los objetivos de este a\u00f1o? Deja una carpeta en cada sitio con la presentaci\u00f3n de la reuni\u00f3n. Graba el logo de la empresa para hacerlo m\u00e1s corporativo.<\/p>\n","protected":false},"featured_media":62298,"template":"","meta":{"_acf_changed":false},"product_brand":[],"product_cat":[252,33,940],"product_tag":[],"class_list":{"0":"post-34255","1":"product","2":"type-product","3":"status-publish","4":"has-post-thumbnail","6":"product_cat-carpetas-personalizadas","7":"product_cat-oficina","8":"product_cat-portafolios-personalizados","10":"first","11":"instock","12":"taxable","13":"shipping-taxable","14":"purchasable","15":"product-type-variable"},"acf":[],"_links":{"self":[{"href":"https:\/\/rubi5.com\/staging\/wp-json\/wp\/v2\/product\/34255","targetHints":{"allow":["GET"]}}],"collection":[{"href":"https:\/\/rubi5.com\/staging\/wp-json\/wp\/v2\/product"}],"about":[{"href":"https:\/\/rubi5.com\/staging\/wp-json\/wp\/v2\/types\/product"}],"version-history":[{"count":3,"href":"https:\/\/rubi5.com\/staging\/wp-json\/wp\/v2\/product\/34255\/revisions"}],"predecessor-version":[{"id":39876,"href":"https:\/\/rubi5.com\/staging\/wp-json\/wp\/v2\/product\/34255\/revisions\/39876"}],"wp:featuredmedia":[{"embeddable":true,"href":"https:\/\/rubi5.com\/staging\/wp-json\/wp\/v2\/media\/62298"}],"wp:attachment":[{"href":"https:\/\/rubi5.com\/staging\/wp-json\/wp\/v2\/media?parent=34255"}],"wp:term":[{"taxonomy":"product_brand","embeddable":true,"href":"https:\/\/rubi5.com\/staging\/wp-json\/wp\/v2\/product_brand?post=34255"},{"taxonomy":"product_cat","embeddable":true,"href":"https:\/\/rubi5.com\/staging\/wp-json\/wp\/v2\/product_cat?post=34255"},{"taxonomy":"product_tag","embeddable":true,"href":"https:\/\/rubi5.com\/staging\/wp-json\/wp\/v2\/product_tag?post=34255"}],"curies":[{"name":"wp","href":"https:\/\/api.w.org\/{rel}","templated":true}]}}