{"id":34301,"date":"2023-01-09T11:47:24","date_gmt":"2023-01-09T09:47:24","guid":{"rendered":"https:\/\/rubi5.com\/?post_type=product&#038;p=34301"},"modified":"2025-03-05T10:55:08","modified_gmt":"2025-03-05T08:55:08","slug":"carpeta-clasificador","status":"publish","type":"product","link":"https:\/\/rubi5.com\/staging\/carpeta-clasificador\/","title":{"rendered":"Carpeta clasificador"},"content":{"rendered":"","protected":false},"excerpt":{"rendered":"<p>Carpeta clasificadora con cierre de goma. Si te quieres dirigir a un p\u00fablico estudiantil, este es el regalo promocional m\u00e1s pr\u00e1ctico.<\/p>\n","protected":false},"featured_media":62296,"template":"","meta":{"_acf_changed":false},"product_brand":[],"product_cat":[941,252,33],"product_tag":[],"class_list":{"0":"post-34301","1":"product","2":"type-product","3":"status-publish","4":"has-post-thumbnail","6":"product_cat-carpetas-corporativas","7":"product_cat-carpetas-personalizadas","8":"product_cat-oficina","10":"first","11":"instock","12":"taxable","13":"shipping-taxable","14":"purchasable","15":"product-type-variable"},"acf":[],"_links":{"self":[{"href":"https:\/\/rubi5.com\/staging\/wp-json\/wp\/v2\/product\/34301","targetHints":{"allow":["GET"]}}],"collection":[{"href":"https:\/\/rubi5.com\/staging\/wp-json\/wp\/v2\/product"}],"about":[{"href":"https:\/\/rubi5.com\/staging\/wp-json\/wp\/v2\/types\/product"}],"version-history":[{"count":3,"href":"https:\/\/rubi5.com\/staging\/wp-json\/wp\/v2\/product\/34301\/revisions"}],"predecessor-version":[{"id":39884,"href":"https:\/\/rubi5.com\/staging\/wp-json\/wp\/v2\/product\/34301\/revisions\/39884"}],"wp:featuredmedia":[{"embeddable":true,"href":"https:\/\/rubi5.com\/staging\/wp-json\/wp\/v2\/media\/62296"}],"wp:attachment":[{"href":"https:\/\/rubi5.com\/staging\/wp-json\/wp\/v2\/media?parent=34301"}],"wp:term":[{"taxonomy":"product_brand","embeddable":true,"href":"https:\/\/rubi5.com\/staging\/wp-json\/wp\/v2\/product_brand?post=34301"},{"taxonomy":"product_cat","embeddable":true,"href":"https:\/\/rubi5.com\/staging\/wp-json\/wp\/v2\/product_cat?post=34301"},{"taxonomy":"product_tag","embeddable":true,"href":"https:\/\/rubi5.com\/staging\/wp-json\/wp\/v2\/product_tag?post=34301"}],"curies":[{"name":"wp","href":"https:\/\/api.w.org\/{rel}","templated":true}]}}