{"id":34325,"date":"2023-01-09T11:47:49","date_gmt":"2023-01-09T09:47:49","guid":{"rendered":"https:\/\/rubi5.com\/?post_type=product&#038;p=34325"},"modified":"2024-10-15T09:07:16","modified_gmt":"2024-10-15T07:07:16","slug":"lanyard-algodon-organico","status":"publish","type":"product","link":"https:\/\/rubi5.com\/staging\/lanyard-algodon-organico\/","title":{"rendered":"Lanyard algod\u00f3n org\u00e1nico"},"content":{"rendered":"","protected":false},"excerpt":{"rendered":"<p>Lanyard de algod\u00f3n org\u00e1nico. En la pr\u00f3xima feria comercial, querr\u00e1s que tus empleados est\u00e9n todos identificados con su acreditaci\u00f3n y su cinta personalizada, con el logo de la empresa.<\/p>\n","protected":false},"featured_media":34368,"template":"","meta":{"_acf_changed":false},"product_brand":[],"product_cat":[946,54,256],"product_tag":[],"class_list":{"0":"post-34325","1":"product","2":"type-product","3":"status-publish","4":"has-post-thumbnail","6":"product_cat-accesorios-para-eventos","7":"product_cat-eventos","8":"product_cat-lanyards-personalizados","10":"first","11":"instock","12":"taxable","13":"shipping-taxable","14":"purchasable","15":"product-type-simple"},"acf":[],"_links":{"self":[{"href":"https:\/\/rubi5.com\/staging\/wp-json\/wp\/v2\/product\/34325","targetHints":{"allow":["GET"]}}],"collection":[{"href":"https:\/\/rubi5.com\/staging\/wp-json\/wp\/v2\/product"}],"about":[{"href":"https:\/\/rubi5.com\/staging\/wp-json\/wp\/v2\/types\/product"}],"version-history":[{"count":3,"href":"https:\/\/rubi5.com\/staging\/wp-json\/wp\/v2\/product\/34325\/revisions"}],"predecessor-version":[{"id":40005,"href":"https:\/\/rubi5.com\/staging\/wp-json\/wp\/v2\/product\/34325\/revisions\/40005"}],"wp:featuredmedia":[{"embeddable":true,"href":"https:\/\/rubi5.com\/staging\/wp-json\/wp\/v2\/media\/34368"}],"wp:attachment":[{"href":"https:\/\/rubi5.com\/staging\/wp-json\/wp\/v2\/media?parent=34325"}],"wp:term":[{"taxonomy":"product_brand","embeddable":true,"href":"https:\/\/rubi5.com\/staging\/wp-json\/wp\/v2\/product_brand?post=34325"},{"taxonomy":"product_cat","embeddable":true,"href":"https:\/\/rubi5.com\/staging\/wp-json\/wp\/v2\/product_cat?post=34325"},{"taxonomy":"product_tag","embeddable":true,"href":"https:\/\/rubi5.com\/staging\/wp-json\/wp\/v2\/product_tag?post=34325"}],"curies":[{"name":"wp","href":"https:\/\/api.w.org\/{rel}","templated":true}]}}