{"id":34326,"date":"2023-01-09T11:47:50","date_gmt":"2023-01-09T09:47:50","guid":{"rendered":"https:\/\/rubi5.com\/?post_type=product&#038;p=34326"},"modified":"2025-04-22T08:37:21","modified_gmt":"2025-04-22T06:37:21","slug":"lanyard-con-acreditacion","status":"publish","type":"product","link":"https:\/\/rubi5.com\/staging\/lanyard-con-acreditacion\/","title":{"rendered":"Lanyard con acreditaci\u00f3n"},"content":{"rendered":"","protected":false},"excerpt":{"rendered":"<p>Lanyard de poli\u00e9ster con acreditaci\u00f3n de pl\u00e1stico colgada en la cinta. Si organizas una feria comercial, y quieres que la empresa que patrocina ese evento, aparezca reflejada por los pasillos del lugar, graba el logo en la cinta del lanyard que vayas a entregar, y rep\u00e1rtelo entre los asistentes a la entrada del evento.<\/p>\n","protected":false},"featured_media":34370,"template":"","meta":{"_acf_changed":false},"product_brand":[],"product_cat":[946,54,256],"product_tag":[],"class_list":{"0":"post-34326","1":"product","2":"type-product","3":"status-publish","4":"has-post-thumbnail","6":"product_cat-accesorios-para-eventos","7":"product_cat-eventos","8":"product_cat-lanyards-personalizados","10":"first","11":"instock","12":"taxable","13":"shipping-taxable","14":"purchasable","15":"product-type-variable"},"acf":[],"_links":{"self":[{"href":"https:\/\/rubi5.com\/staging\/wp-json\/wp\/v2\/product\/34326","targetHints":{"allow":["GET"]}}],"collection":[{"href":"https:\/\/rubi5.com\/staging\/wp-json\/wp\/v2\/product"}],"about":[{"href":"https:\/\/rubi5.com\/staging\/wp-json\/wp\/v2\/types\/product"}],"version-history":[{"count":3,"href":"https:\/\/rubi5.com\/staging\/wp-json\/wp\/v2\/product\/34326\/revisions"}],"predecessor-version":[{"id":40013,"href":"https:\/\/rubi5.com\/staging\/wp-json\/wp\/v2\/product\/34326\/revisions\/40013"}],"wp:featuredmedia":[{"embeddable":true,"href":"https:\/\/rubi5.com\/staging\/wp-json\/wp\/v2\/media\/34370"}],"wp:attachment":[{"href":"https:\/\/rubi5.com\/staging\/wp-json\/wp\/v2\/media?parent=34326"}],"wp:term":[{"taxonomy":"product_brand","embeddable":true,"href":"https:\/\/rubi5.com\/staging\/wp-json\/wp\/v2\/product_brand?post=34326"},{"taxonomy":"product_cat","embeddable":true,"href":"https:\/\/rubi5.com\/staging\/wp-json\/wp\/v2\/product_cat?post=34326"},{"taxonomy":"product_tag","embeddable":true,"href":"https:\/\/rubi5.com\/staging\/wp-json\/wp\/v2\/product_tag?post=34326"}],"curies":[{"name":"wp","href":"https:\/\/api.w.org\/{rel}","templated":true}]}}