{"id":34346,"date":"2023-01-09T11:48:12","date_gmt":"2023-01-09T09:48:12","guid":{"rendered":"https:\/\/rubi5.com\/?post_type=product&#038;p=34346"},"modified":"2025-02-17T09:51:59","modified_gmt":"2025-02-17T07:51:59","slug":"lanyard-enganche-metalico","status":"publish","type":"product","link":"https:\/\/rubi5.com\/staging\/lanyard-enganche-metalico\/","title":{"rendered":"Lanyard enganche met\u00e1lico"},"content":{"rendered":"","protected":false},"excerpt":{"rendered":"<p>Lanyard de poli\u00e9ster con mosquet\u00f3n met\u00e1lico. Disponible en multitud de colores para combinarlo a la perfecci\u00f3n con tus colores corporativos.<\/p>\n<p>Podr\u00e1s marcar toda la cinta por una cada, para que aparezca tu marca en ambos lados del cuello, al ponerte la acreditaci\u00f3n del evento.<\/p>\n<p>\u00bfEn qu\u00e9 evento no recibes un lanyard personalizado al entrar? Es la forma m\u00e1s f\u00e1cil y c\u00f3moda de llevar tu acreditaci\u00f3n. Adem\u00e1s, podr\u00e1s usarlo para enganchar las llaves al mosquet\u00f3n, o incluso para llevar el m\u00f3vil colgado al cuello y que no te moleste en el bolsillo.<\/p>\n","protected":false},"featured_media":34384,"template":"","meta":{"_acf_changed":false},"product_brand":[],"product_cat":[946,54,256],"product_tag":[],"class_list":{"0":"post-34346","1":"product","2":"type-product","3":"status-publish","4":"has-post-thumbnail","6":"product_cat-accesorios-para-eventos","7":"product_cat-eventos","8":"product_cat-lanyards-personalizados","10":"first","11":"instock","12":"taxable","13":"shipping-taxable","14":"purchasable","15":"product-type-variable"},"acf":[],"_links":{"self":[{"href":"https:\/\/rubi5.com\/staging\/wp-json\/wp\/v2\/product\/34346","targetHints":{"allow":["GET"]}}],"collection":[{"href":"https:\/\/rubi5.com\/staging\/wp-json\/wp\/v2\/product"}],"about":[{"href":"https:\/\/rubi5.com\/staging\/wp-json\/wp\/v2\/types\/product"}],"version-history":[{"count":4,"href":"https:\/\/rubi5.com\/staging\/wp-json\/wp\/v2\/product\/34346\/revisions"}],"predecessor-version":[{"id":56380,"href":"https:\/\/rubi5.com\/staging\/wp-json\/wp\/v2\/product\/34346\/revisions\/56380"}],"wp:featuredmedia":[{"embeddable":true,"href":"https:\/\/rubi5.com\/staging\/wp-json\/wp\/v2\/media\/34384"}],"wp:attachment":[{"href":"https:\/\/rubi5.com\/staging\/wp-json\/wp\/v2\/media?parent=34346"}],"wp:term":[{"taxonomy":"product_brand","embeddable":true,"href":"https:\/\/rubi5.com\/staging\/wp-json\/wp\/v2\/product_brand?post=34346"},{"taxonomy":"product_cat","embeddable":true,"href":"https:\/\/rubi5.com\/staging\/wp-json\/wp\/v2\/product_cat?post=34346"},{"taxonomy":"product_tag","embeddable":true,"href":"https:\/\/rubi5.com\/staging\/wp-json\/wp\/v2\/product_tag?post=34346"}],"curies":[{"name":"wp","href":"https:\/\/api.w.org\/{rel}","templated":true}]}}