{"id":34355,"date":"2023-01-09T11:48:13","date_gmt":"2023-01-09T09:48:13","guid":{"rendered":"https:\/\/rubi5.com\/?post_type=product&#038;p=34355"},"modified":"2024-10-15T09:06:40","modified_gmt":"2024-10-15T07:06:40","slug":"lanyard-bandera-espana","status":"publish","type":"product","link":"https:\/\/rubi5.com\/staging\/lanyard-bandera-espana\/","title":{"rendered":"Lanyard bandera Espa\u00f1a"},"content":{"rendered":"","protected":false},"excerpt":{"rendered":"<p>Lanyard de Espa\u00f1a en poli\u00e9ster. Con la bandera de Espa\u00f1a a lo largo de la cinta, excepto en una peque\u00f1a zona al lateral, pensada para personalizar con tu marca.<\/p>\n<p>Con mosquet\u00f3n met\u00e1lico para portar una identificaci\u00f3n o las llaves.<\/p>\n<p>El lanyard personalizado es el merchandising de evento m\u00e1s demandado por nuestros clientes, y un indispensable en cualquier feria a la que asistas.<\/p>\n","protected":false},"featured_media":34393,"template":"","meta":{"_acf_changed":false},"product_brand":[],"product_cat":[946,54,256],"product_tag":[],"class_list":{"0":"post-34355","1":"product","2":"type-product","3":"status-publish","4":"has-post-thumbnail","6":"product_cat-accesorios-para-eventos","7":"product_cat-eventos","8":"product_cat-lanyards-personalizados","10":"first","11":"instock","12":"taxable","13":"shipping-taxable","14":"purchasable","15":"product-type-variable"},"acf":[],"_links":{"self":[{"href":"https:\/\/rubi5.com\/staging\/wp-json\/wp\/v2\/product\/34355","targetHints":{"allow":["GET"]}}],"collection":[{"href":"https:\/\/rubi5.com\/staging\/wp-json\/wp\/v2\/product"}],"about":[{"href":"https:\/\/rubi5.com\/staging\/wp-json\/wp\/v2\/types\/product"}],"version-history":[{"count":3,"href":"https:\/\/rubi5.com\/staging\/wp-json\/wp\/v2\/product\/34355\/revisions"}],"predecessor-version":[{"id":56287,"href":"https:\/\/rubi5.com\/staging\/wp-json\/wp\/v2\/product\/34355\/revisions\/56287"}],"wp:featuredmedia":[{"embeddable":true,"href":"https:\/\/rubi5.com\/staging\/wp-json\/wp\/v2\/media\/34393"}],"wp:attachment":[{"href":"https:\/\/rubi5.com\/staging\/wp-json\/wp\/v2\/media?parent=34355"}],"wp:term":[{"taxonomy":"product_brand","embeddable":true,"href":"https:\/\/rubi5.com\/staging\/wp-json\/wp\/v2\/product_brand?post=34355"},{"taxonomy":"product_cat","embeddable":true,"href":"https:\/\/rubi5.com\/staging\/wp-json\/wp\/v2\/product_cat?post=34355"},{"taxonomy":"product_tag","embeddable":true,"href":"https:\/\/rubi5.com\/staging\/wp-json\/wp\/v2\/product_tag?post=34355"}],"curies":[{"name":"wp","href":"https:\/\/api.w.org\/{rel}","templated":true}]}}