{"id":34427,"date":"2023-01-09T12:10:51","date_gmt":"2023-01-09T10:10:51","guid":{"rendered":"https:\/\/rubi5.com\/?post_type=product&#038;p=34427"},"modified":"2024-04-17T14:16:33","modified_gmt":"2024-04-17T12:16:33","slug":"boligrafo-roller-con-tapa","status":"publish","type":"product","link":"https:\/\/rubi5.com\/staging\/boligrafo-roller-con-tapa\/","title":{"rendered":"Bol\u00edgrafo roller con tapa"},"content":{"rendered":"","protected":false},"excerpt":{"rendered":"<p>Roller l\u00edquido en diferentes colores. Con una escritura mucho m\u00e1s fina que la de un bol\u00edgrafo normal, y a un precio econ\u00f3mico, sin perder la calidad de la tinta de gel.<\/p>\n","protected":false},"featured_media":62233,"template":"","meta":{"_acf_changed":false},"product_brand":[],"product_cat":[317,973,43],"product_tag":[],"class_list":{"0":"post-34427","1":"product","2":"type-product","3":"status-publish","4":"has-post-thumbnail","6":"product_cat-boligrafos-personalizados","7":"product_cat-boligrafos-roller","8":"product_cat-escritura","10":"first","11":"instock","12":"taxable","13":"shipping-taxable","14":"purchasable","15":"product-type-variable"},"acf":[],"_links":{"self":[{"href":"https:\/\/rubi5.com\/staging\/wp-json\/wp\/v2\/product\/34427","targetHints":{"allow":["GET"]}}],"collection":[{"href":"https:\/\/rubi5.com\/staging\/wp-json\/wp\/v2\/product"}],"about":[{"href":"https:\/\/rubi5.com\/staging\/wp-json\/wp\/v2\/types\/product"}],"version-history":[{"count":3,"href":"https:\/\/rubi5.com\/staging\/wp-json\/wp\/v2\/product\/34427\/revisions"}],"predecessor-version":[{"id":39818,"href":"https:\/\/rubi5.com\/staging\/wp-json\/wp\/v2\/product\/34427\/revisions\/39818"}],"wp:featuredmedia":[{"embeddable":true,"href":"https:\/\/rubi5.com\/staging\/wp-json\/wp\/v2\/media\/62233"}],"wp:attachment":[{"href":"https:\/\/rubi5.com\/staging\/wp-json\/wp\/v2\/media?parent=34427"}],"wp:term":[{"taxonomy":"product_brand","embeddable":true,"href":"https:\/\/rubi5.com\/staging\/wp-json\/wp\/v2\/product_brand?post=34427"},{"taxonomy":"product_cat","embeddable":true,"href":"https:\/\/rubi5.com\/staging\/wp-json\/wp\/v2\/product_cat?post=34427"},{"taxonomy":"product_tag","embeddable":true,"href":"https:\/\/rubi5.com\/staging\/wp-json\/wp\/v2\/product_tag?post=34427"}],"curies":[{"name":"wp","href":"https:\/\/api.w.org\/{rel}","templated":true}]}}