{"id":34433,"date":"2023-01-09T12:10:51","date_gmt":"2023-01-09T10:10:51","guid":{"rendered":"https:\/\/rubi5.com\/?post_type=product&#038;p=34433"},"modified":"2025-02-14T10:20:46","modified_gmt":"2025-02-14T08:20:46","slug":"boligrafo-linterna","status":"publish","type":"product","link":"https:\/\/rubi5.com\/staging\/boligrafo-linterna\/","title":{"rendered":"Bol\u00edgrafo linterna"},"content":{"rendered":"","protected":false},"excerpt":{"rendered":"<p>Bol\u00edgrafo linterna en abs con una luz led en la parte superior. Escritura azul.<\/p>\n<p>Personaliza este bol\u00edgrafo junto a otros art\u00edculos de merchandising de farmacia, y ten un detalle con tus clientes, a un precio muy econ\u00f3mico.<\/p>\n","protected":false},"featured_media":56666,"template":"","meta":{"_acf_changed":false},"product_brand":[],"product_cat":[723,43],"product_tag":[],"class_list":{"0":"post-34433","1":"product","2":"type-product","3":"status-publish","4":"has-post-thumbnail","6":"product_cat-boligrafos-baratos","7":"product_cat-escritura","9":"first","10":"instock","11":"taxable","12":"shipping-taxable","13":"purchasable","14":"product-type-variable"},"acf":[],"_links":{"self":[{"href":"https:\/\/rubi5.com\/staging\/wp-json\/wp\/v2\/product\/34433","targetHints":{"allow":["GET"]}}],"collection":[{"href":"https:\/\/rubi5.com\/staging\/wp-json\/wp\/v2\/product"}],"about":[{"href":"https:\/\/rubi5.com\/staging\/wp-json\/wp\/v2\/types\/product"}],"version-history":[{"count":3,"href":"https:\/\/rubi5.com\/staging\/wp-json\/wp\/v2\/product\/34433\/revisions"}],"predecessor-version":[{"id":39820,"href":"https:\/\/rubi5.com\/staging\/wp-json\/wp\/v2\/product\/34433\/revisions\/39820"}],"wp:featuredmedia":[{"embeddable":true,"href":"https:\/\/rubi5.com\/staging\/wp-json\/wp\/v2\/media\/56666"}],"wp:attachment":[{"href":"https:\/\/rubi5.com\/staging\/wp-json\/wp\/v2\/media?parent=34433"}],"wp:term":[{"taxonomy":"product_brand","embeddable":true,"href":"https:\/\/rubi5.com\/staging\/wp-json\/wp\/v2\/product_brand?post=34433"},{"taxonomy":"product_cat","embeddable":true,"href":"https:\/\/rubi5.com\/staging\/wp-json\/wp\/v2\/product_cat?post=34433"},{"taxonomy":"product_tag","embeddable":true,"href":"https:\/\/rubi5.com\/staging\/wp-json\/wp\/v2\/product_tag?post=34433"}],"curies":[{"name":"wp","href":"https:\/\/api.w.org\/{rel}","templated":true}]}}