{"id":34470,"date":"2023-01-09T12:11:16","date_gmt":"2023-01-09T10:11:16","guid":{"rendered":"https:\/\/rubi5.com\/?post_type=product&#038;p=34470"},"modified":"2025-01-15T14:54:30","modified_gmt":"2025-01-15T12:54:30","slug":"boligrafo-multitareas","status":"publish","type":"product","link":"https:\/\/rubi5.com\/staging\/boligrafo-multitareas\/","title":{"rendered":"Bol\u00edgrafo multitareas"},"content":{"rendered":"","protected":false},"excerpt":{"rendered":"<p>El bol\u00edgrafo multitareas que se complementa perfectamente con tu m\u00f3vil. Con 4 funciones: soporte m\u00f3vil, limpia pantallas y puntero.<\/p>\n<p>Elegir un bol\u00edgrafo como merchandising es la mejor opci\u00f3n para ahorrar en publicidad, y tener siempre a mano un detalle para dar a tus clientes.<\/p>\n","protected":false},"featured_media":62206,"template":"","meta":{"_acf_changed":false},"product_brand":[],"product_cat":[723,317,43],"product_tag":[],"class_list":{"0":"post-34470","1":"product","2":"type-product","3":"status-publish","4":"has-post-thumbnail","6":"product_cat-boligrafos-baratos","7":"product_cat-boligrafos-personalizados","8":"product_cat-escritura","10":"first","11":"instock","12":"taxable","13":"shipping-taxable","14":"purchasable","15":"product-type-variable"},"acf":[],"_links":{"self":[{"href":"https:\/\/rubi5.com\/staging\/wp-json\/wp\/v2\/product\/34470","targetHints":{"allow":["GET"]}}],"collection":[{"href":"https:\/\/rubi5.com\/staging\/wp-json\/wp\/v2\/product"}],"about":[{"href":"https:\/\/rubi5.com\/staging\/wp-json\/wp\/v2\/types\/product"}],"version-history":[{"count":5,"href":"https:\/\/rubi5.com\/staging\/wp-json\/wp\/v2\/product\/34470\/revisions"}],"predecessor-version":[{"id":39827,"href":"https:\/\/rubi5.com\/staging\/wp-json\/wp\/v2\/product\/34470\/revisions\/39827"}],"wp:featuredmedia":[{"embeddable":true,"href":"https:\/\/rubi5.com\/staging\/wp-json\/wp\/v2\/media\/62206"}],"wp:attachment":[{"href":"https:\/\/rubi5.com\/staging\/wp-json\/wp\/v2\/media?parent=34470"}],"wp:term":[{"taxonomy":"product_brand","embeddable":true,"href":"https:\/\/rubi5.com\/staging\/wp-json\/wp\/v2\/product_brand?post=34470"},{"taxonomy":"product_cat","embeddable":true,"href":"https:\/\/rubi5.com\/staging\/wp-json\/wp\/v2\/product_cat?post=34470"},{"taxonomy":"product_tag","embeddable":true,"href":"https:\/\/rubi5.com\/staging\/wp-json\/wp\/v2\/product_tag?post=34470"}],"curies":[{"name":"wp","href":"https:\/\/api.w.org\/{rel}","templated":true}]}}