{"id":34515,"date":"2023-01-09T12:12:05","date_gmt":"2023-01-09T10:12:05","guid":{"rendered":"https:\/\/rubi5.com\/?post_type=product&#038;p=34515"},"modified":"2024-06-13T08:57:38","modified_gmt":"2024-06-13T06:57:38","slug":"boligrafo-roller-acid","status":"publish","type":"product","link":"https:\/\/rubi5.com\/staging\/boligrafo-roller-acid\/","title":{"rendered":"Bol\u00edgrafo roller Acid"},"content":{"rendered":"","protected":false},"excerpt":{"rendered":"<p>Descubre la fusi\u00f3n perfecta de funcionalidad y estilo con nuestro roller de nueva generaci\u00f3n.<\/p>\n<p>Disponible en una selecci\u00f3n de colores llamativos, rematado con una sofisticada capucha en negro intenso que garantiza un contraste visual impactante.<\/p>\n<p>Dise\u00f1ado para destacar del roller tradicional, su silueta refinada y moderna es el lienzo ideal para la personalizaci\u00f3n con tu logo.<\/p>\n<p>No solo captura la esencia de tu identidad corporativa, sino que tambi\u00e9n promete ser un fiel acompa\u00f1ante en todas tus aventuras profesionales.<\/p>\n","protected":false},"featured_media":59608,"template":"","meta":{"_acf_changed":false},"product_brand":[],"product_cat":[317,973,43],"product_tag":[],"class_list":{"0":"post-34515","1":"product","2":"type-product","3":"status-publish","4":"has-post-thumbnail","6":"product_cat-boligrafos-personalizados","7":"product_cat-boligrafos-roller","8":"product_cat-escritura","10":"first","11":"instock","12":"taxable","13":"shipping-taxable","14":"purchasable","15":"product-type-variable"},"acf":[],"_links":{"self":[{"href":"https:\/\/rubi5.com\/staging\/wp-json\/wp\/v2\/product\/34515","targetHints":{"allow":["GET"]}}],"collection":[{"href":"https:\/\/rubi5.com\/staging\/wp-json\/wp\/v2\/product"}],"about":[{"href":"https:\/\/rubi5.com\/staging\/wp-json\/wp\/v2\/types\/product"}],"version-history":[{"count":4,"href":"https:\/\/rubi5.com\/staging\/wp-json\/wp\/v2\/product\/34515\/revisions"}],"predecessor-version":[{"id":59677,"href":"https:\/\/rubi5.com\/staging\/wp-json\/wp\/v2\/product\/34515\/revisions\/59677"}],"wp:featuredmedia":[{"embeddable":true,"href":"https:\/\/rubi5.com\/staging\/wp-json\/wp\/v2\/media\/59608"}],"wp:attachment":[{"href":"https:\/\/rubi5.com\/staging\/wp-json\/wp\/v2\/media?parent=34515"}],"wp:term":[{"taxonomy":"product_brand","embeddable":true,"href":"https:\/\/rubi5.com\/staging\/wp-json\/wp\/v2\/product_brand?post=34515"},{"taxonomy":"product_cat","embeddable":true,"href":"https:\/\/rubi5.com\/staging\/wp-json\/wp\/v2\/product_cat?post=34515"},{"taxonomy":"product_tag","embeddable":true,"href":"https:\/\/rubi5.com\/staging\/wp-json\/wp\/v2\/product_tag?post=34515"}],"curies":[{"name":"wp","href":"https:\/\/api.w.org\/{rel}","templated":true}]}}