{"id":34538,"date":"2023-01-09T12:12:30","date_gmt":"2023-01-09T10:12:30","guid":{"rendered":"https:\/\/rubi5.com\/?post_type=product&#038;p=34538"},"modified":"2025-02-14T10:26:49","modified_gmt":"2025-02-14T08:26:49","slug":"boligrafo-puntero-bambu-yuyi","status":"publish","type":"product","link":"https:\/\/rubi5.com\/staging\/boligrafo-puntero-bambu-yuyi\/","title":{"rendered":"Bol\u00edgrafo puntero bamb\u00fa Yuyi"},"content":{"rendered":"","protected":false},"excerpt":{"rendered":"<p>Bol\u00edgrafo puntero, con la empu\u00f1adura en bamb\u00fa en la parte inferior, y accesorios metalizados. El cuerpo del bol\u00edgrafo es de tacto suave, con colores metalizados.<\/p>\n<p>Este merchandising es siempre un acierto para cualquier feria comercial, por su econ\u00f3mico precio y su elegante dise\u00f1o.<\/p>\n","protected":false},"featured_media":62214,"template":"","meta":{"_acf_changed":false},"product_brand":[],"product_cat":[320,43],"product_tag":[],"class_list":{"0":"post-34538","1":"product","2":"type-product","3":"status-publish","4":"has-post-thumbnail","6":"product_cat-boligrafos-ecologicos","7":"product_cat-escritura","9":"first","10":"instock","11":"taxable","12":"shipping-taxable","13":"purchasable","14":"product-type-variable"},"acf":[],"_links":{"self":[{"href":"https:\/\/rubi5.com\/staging\/wp-json\/wp\/v2\/product\/34538","targetHints":{"allow":["GET"]}}],"collection":[{"href":"https:\/\/rubi5.com\/staging\/wp-json\/wp\/v2\/product"}],"about":[{"href":"https:\/\/rubi5.com\/staging\/wp-json\/wp\/v2\/types\/product"}],"version-history":[{"count":4,"href":"https:\/\/rubi5.com\/staging\/wp-json\/wp\/v2\/product\/34538\/revisions"}],"predecessor-version":[{"id":40043,"href":"https:\/\/rubi5.com\/staging\/wp-json\/wp\/v2\/product\/34538\/revisions\/40043"}],"wp:featuredmedia":[{"embeddable":true,"href":"https:\/\/rubi5.com\/staging\/wp-json\/wp\/v2\/media\/62214"}],"wp:attachment":[{"href":"https:\/\/rubi5.com\/staging\/wp-json\/wp\/v2\/media?parent=34538"}],"wp:term":[{"taxonomy":"product_brand","embeddable":true,"href":"https:\/\/rubi5.com\/staging\/wp-json\/wp\/v2\/product_brand?post=34538"},{"taxonomy":"product_cat","embeddable":true,"href":"https:\/\/rubi5.com\/staging\/wp-json\/wp\/v2\/product_cat?post=34538"},{"taxonomy":"product_tag","embeddable":true,"href":"https:\/\/rubi5.com\/staging\/wp-json\/wp\/v2\/product_tag?post=34538"}],"curies":[{"name":"wp","href":"https:\/\/api.w.org\/{rel}","templated":true}]}}