{"id":34545,"date":"2023-01-09T12:12:31","date_gmt":"2023-01-09T10:12:31","guid":{"rendered":"https:\/\/rubi5.com\/?post_type=product&#038;p=34545"},"modified":"2024-04-17T10:22:18","modified_gmt":"2024-04-17T08:22:18","slug":"boligrafo-touch-sine-pierre-cardin","status":"publish","type":"product","link":"https:\/\/rubi5.com\/staging\/boligrafo-touch-sine-pierre-cardin\/","title":{"rendered":"Bol\u00edgrafo touch sine Pierre Cardin"},"content":{"rendered":"","protected":false},"excerpt":{"rendered":"<p>Bol\u00edgrafo metalizado con puntero de Pierre Cardin. Perfecto para grabar a l\u00e1ser. Un elegante bol\u00edgrafo, que se sirve con funda de antelina, con la marca grabada en ella.<\/p>\n","protected":false},"featured_media":62193,"template":"","meta":{"_acf_changed":false},"product_brand":[],"product_cat":[321,43],"product_tag":[],"class_list":{"0":"post-34545","1":"product","2":"type-product","3":"status-publish","4":"has-post-thumbnail","6":"product_cat-boligrafos-de-lujo","7":"product_cat-escritura","8":"pa_marcas-pierre-cardin","10":"first","11":"instock","12":"taxable","13":"shipping-taxable","14":"purchasable","15":"product-type-variable"},"acf":[],"_links":{"self":[{"href":"https:\/\/rubi5.com\/staging\/wp-json\/wp\/v2\/product\/34545","targetHints":{"allow":["GET"]}}],"collection":[{"href":"https:\/\/rubi5.com\/staging\/wp-json\/wp\/v2\/product"}],"about":[{"href":"https:\/\/rubi5.com\/staging\/wp-json\/wp\/v2\/types\/product"}],"version-history":[{"count":3,"href":"https:\/\/rubi5.com\/staging\/wp-json\/wp\/v2\/product\/34545\/revisions"}],"predecessor-version":[{"id":39874,"href":"https:\/\/rubi5.com\/staging\/wp-json\/wp\/v2\/product\/34545\/revisions\/39874"}],"wp:featuredmedia":[{"embeddable":true,"href":"https:\/\/rubi5.com\/staging\/wp-json\/wp\/v2\/media\/62193"}],"wp:attachment":[{"href":"https:\/\/rubi5.com\/staging\/wp-json\/wp\/v2\/media?parent=34545"}],"wp:term":[{"taxonomy":"product_brand","embeddable":true,"href":"https:\/\/rubi5.com\/staging\/wp-json\/wp\/v2\/product_brand?post=34545"},{"taxonomy":"product_cat","embeddable":true,"href":"https:\/\/rubi5.com\/staging\/wp-json\/wp\/v2\/product_cat?post=34545"},{"taxonomy":"product_tag","embeddable":true,"href":"https:\/\/rubi5.com\/staging\/wp-json\/wp\/v2\/product_tag?post=34545"}],"curies":[{"name":"wp","href":"https:\/\/api.w.org\/{rel}","templated":true}]}}