{"id":34546,"date":"2023-01-09T12:12:31","date_gmt":"2023-01-09T10:12:31","guid":{"rendered":"https:\/\/rubi5.com\/?post_type=product&#038;p=34546"},"modified":"2024-02-13T15:45:51","modified_gmt":"2024-02-13T13:45:51","slug":"boligrafo-nautic-club-pierre-delone","status":"publish","type":"product","link":"https:\/\/rubi5.com\/staging\/boligrafo-nautic-club-pierre-delone\/","title":{"rendered":"Bol\u00edgrafo Nautic Club Pierre Delone"},"content":{"rendered":"","protected":false},"excerpt":{"rendered":"<p>Bol\u00edgrafo de alta calidad y dise\u00f1o elegante. Fabricado con materiales de primera calidad y cuenta con acabados refinados y detalles sobresalientes que los hacen especialmente atractivos.<\/p>\n","protected":false},"featured_media":34580,"template":"","meta":{"_acf_changed":false},"product_brand":[],"product_cat":[321,317,43],"product_tag":[],"class_list":{"0":"post-34546","1":"product","2":"type-product","3":"status-publish","4":"has-post-thumbnail","6":"product_cat-boligrafos-de-lujo","7":"product_cat-boligrafos-personalizados","8":"product_cat-escritura","9":"pa_marcas-pierre-delone","11":"first","12":"instock","13":"taxable","14":"shipping-taxable","15":"purchasable","16":"product-type-variable"},"acf":[],"_links":{"self":[{"href":"https:\/\/rubi5.com\/staging\/wp-json\/wp\/v2\/product\/34546","targetHints":{"allow":["GET"]}}],"collection":[{"href":"https:\/\/rubi5.com\/staging\/wp-json\/wp\/v2\/product"}],"about":[{"href":"https:\/\/rubi5.com\/staging\/wp-json\/wp\/v2\/types\/product"}],"version-history":[{"count":1,"href":"https:\/\/rubi5.com\/staging\/wp-json\/wp\/v2\/product\/34546\/revisions"}],"predecessor-version":[{"id":34581,"href":"https:\/\/rubi5.com\/staging\/wp-json\/wp\/v2\/product\/34546\/revisions\/34581"}],"wp:featuredmedia":[{"embeddable":true,"href":"https:\/\/rubi5.com\/staging\/wp-json\/wp\/v2\/media\/34580"}],"wp:attachment":[{"href":"https:\/\/rubi5.com\/staging\/wp-json\/wp\/v2\/media?parent=34546"}],"wp:term":[{"taxonomy":"product_brand","embeddable":true,"href":"https:\/\/rubi5.com\/staging\/wp-json\/wp\/v2\/product_brand?post=34546"},{"taxonomy":"product_cat","embeddable":true,"href":"https:\/\/rubi5.com\/staging\/wp-json\/wp\/v2\/product_cat?post=34546"},{"taxonomy":"product_tag","embeddable":true,"href":"https:\/\/rubi5.com\/staging\/wp-json\/wp\/v2\/product_tag?post=34546"}],"curies":[{"name":"wp","href":"https:\/\/api.w.org\/{rel}","templated":true}]}}