{"id":34547,"date":"2023-01-09T12:12:31","date_gmt":"2023-01-09T10:12:31","guid":{"rendered":"https:\/\/rubi5.com\/?post_type=product&#038;p=34547"},"modified":"2025-02-21T09:18:51","modified_gmt":"2025-02-21T07:18:51","slug":"set-boligrafo-y-portaminas-sanluis-pierre-cardin","status":"publish","type":"product","link":"https:\/\/rubi5.com\/staging\/set-boligrafo-y-portaminas-sanluis-pierre-cardin\/","title":{"rendered":"Set bol\u00edgrafo y portaminas Sanluis Pierre Cardin"},"content":{"rendered":"","protected":false},"excerpt":{"rendered":"<p>Set de bol\u00edgrafo y portaminas, de la firma Pierre Cardin. Escritura azul.<\/p>\n<p>Presentando en un elegante estuche en tonos negros y rojos.<\/p>\n<p>Este set de escritura se define por su elegancia y dise\u00f1o original, con un color caracter\u00edstico que no pasar\u00e1 desapercibido.<br \/>\nMedidas estuche: 18 x 6,7 x 4 cm<\/p>\n","protected":false},"featured_media":62892,"template":"","meta":{"_acf_changed":false},"product_brand":[],"product_cat":[43,322],"product_tag":[],"class_list":{"0":"post-34547","1":"product","2":"type-product","3":"status-publish","4":"has-post-thumbnail","6":"product_cat-escritura","7":"product_cat-sets-de-escritura","8":"pa_marcas-pierre-cardin","10":"first","11":"instock","12":"taxable","13":"shipping-taxable","14":"purchasable","15":"product-type-variable"},"acf":[],"_links":{"self":[{"href":"https:\/\/rubi5.com\/staging\/wp-json\/wp\/v2\/product\/34547","targetHints":{"allow":["GET"]}}],"collection":[{"href":"https:\/\/rubi5.com\/staging\/wp-json\/wp\/v2\/product"}],"about":[{"href":"https:\/\/rubi5.com\/staging\/wp-json\/wp\/v2\/types\/product"}],"version-history":[{"count":2,"href":"https:\/\/rubi5.com\/staging\/wp-json\/wp\/v2\/product\/34547\/revisions"}],"predecessor-version":[{"id":40044,"href":"https:\/\/rubi5.com\/staging\/wp-json\/wp\/v2\/product\/34547\/revisions\/40044"}],"wp:featuredmedia":[{"embeddable":true,"href":"https:\/\/rubi5.com\/staging\/wp-json\/wp\/v2\/media\/62892"}],"wp:attachment":[{"href":"https:\/\/rubi5.com\/staging\/wp-json\/wp\/v2\/media?parent=34547"}],"wp:term":[{"taxonomy":"product_brand","embeddable":true,"href":"https:\/\/rubi5.com\/staging\/wp-json\/wp\/v2\/product_brand?post=34547"},{"taxonomy":"product_cat","embeddable":true,"href":"https:\/\/rubi5.com\/staging\/wp-json\/wp\/v2\/product_cat?post=34547"},{"taxonomy":"product_tag","embeddable":true,"href":"https:\/\/rubi5.com\/staging\/wp-json\/wp\/v2\/product_tag?post=34547"}],"curies":[{"name":"wp","href":"https:\/\/api.w.org\/{rel}","templated":true}]}}