{"id":34653,"date":"2023-01-09T13:19:50","date_gmt":"2023-01-09T11:19:50","guid":{"rendered":"https:\/\/rubi5.com\/?post_type=product&#038;p=34653"},"modified":"2024-05-29T10:05:23","modified_gmt":"2024-05-29T08:05:23","slug":"monedero-llavero-piel","status":"publish","type":"product","link":"https:\/\/rubi5.com\/staging\/monedero-llavero-piel\/","title":{"rendered":"Monedero llavero piel"},"content":{"rendered":"","protected":false},"excerpt":{"rendered":"<p>El cl\u00e1sico monedero con dos compartimentos para que puedas guardar el dinero y las llaves. Solo tendr\u00e1s que llevar encima este peque\u00f1o monedero en el bolsillo, y olv\u00eddate de carteras enormes que no caben en un vaquero.<\/p>\n","protected":false},"featured_media":62913,"template":"","meta":{"_acf_changed":false},"product_brand":[],"product_cat":[726,960,994],"product_tag":[],"class_list":{"0":"post-34653","1":"product","2":"type-product","3":"status-publish","4":"has-post-thumbnail","6":"product_cat-accesorios-y-regalos","7":"product_cat-monederos-personalizados","8":"product_cat-tarjeteros-y-monederos","10":"first","11":"instock","12":"taxable","13":"shipping-taxable","14":"purchasable","15":"product-type-simple"},"acf":[],"_links":{"self":[{"href":"https:\/\/rubi5.com\/staging\/wp-json\/wp\/v2\/product\/34653","targetHints":{"allow":["GET"]}}],"collection":[{"href":"https:\/\/rubi5.com\/staging\/wp-json\/wp\/v2\/product"}],"about":[{"href":"https:\/\/rubi5.com\/staging\/wp-json\/wp\/v2\/types\/product"}],"version-history":[{"count":3,"href":"https:\/\/rubi5.com\/staging\/wp-json\/wp\/v2\/product\/34653\/revisions"}],"predecessor-version":[{"id":39870,"href":"https:\/\/rubi5.com\/staging\/wp-json\/wp\/v2\/product\/34653\/revisions\/39870"}],"wp:featuredmedia":[{"embeddable":true,"href":"https:\/\/rubi5.com\/staging\/wp-json\/wp\/v2\/media\/62913"}],"wp:attachment":[{"href":"https:\/\/rubi5.com\/staging\/wp-json\/wp\/v2\/media?parent=34653"}],"wp:term":[{"taxonomy":"product_brand","embeddable":true,"href":"https:\/\/rubi5.com\/staging\/wp-json\/wp\/v2\/product_brand?post=34653"},{"taxonomy":"product_cat","embeddable":true,"href":"https:\/\/rubi5.com\/staging\/wp-json\/wp\/v2\/product_cat?post=34653"},{"taxonomy":"product_tag","embeddable":true,"href":"https:\/\/rubi5.com\/staging\/wp-json\/wp\/v2\/product_tag?post=34653"}],"curies":[{"name":"wp","href":"https:\/\/api.w.org\/{rel}","templated":true}]}}