{"id":34755,"date":"2023-01-09T13:21:23","date_gmt":"2023-01-09T11:21:23","guid":{"rendered":"https:\/\/rubi5.com\/?post_type=product&#038;p=34755"},"modified":"2025-02-14T09:39:20","modified_gmt":"2025-02-14T07:39:20","slug":"bolsa-flue-color-small","status":"publish","type":"product","link":"https:\/\/rubi5.com\/staging\/bolsa-flue-color-small\/","title":{"rendered":"Bolsa flue color small"},"content":{"rendered":"","protected":false},"excerpt":{"rendered":"<p>Estuche portatodo PVC con cremallera. Podr\u00e1s utilizarlo como estuche para guardar las pinturas, como para guardar tus billetes de avi\u00f3n en el pr\u00f3ximo viaje.<\/p>\n","protected":false},"featured_media":62147,"template":"","meta":{"_acf_changed":false},"product_brand":[],"product_cat":[936,33,251],"product_tag":[],"class_list":{"0":"post-34755","1":"product","2":"type-product","3":"status-publish","4":"has-post-thumbnail","6":"product_cat-fundas-portadocumentos","7":"product_cat-oficina","8":"product_cat-portadocumentos-personalizados","10":"first","11":"instock","12":"taxable","13":"shipping-taxable","14":"purchasable","15":"product-type-variable"},"acf":[],"_links":{"self":[{"href":"https:\/\/rubi5.com\/staging\/wp-json\/wp\/v2\/product\/34755","targetHints":{"allow":["GET"]}}],"collection":[{"href":"https:\/\/rubi5.com\/staging\/wp-json\/wp\/v2\/product"}],"about":[{"href":"https:\/\/rubi5.com\/staging\/wp-json\/wp\/v2\/types\/product"}],"version-history":[{"count":3,"href":"https:\/\/rubi5.com\/staging\/wp-json\/wp\/v2\/product\/34755\/revisions"}],"predecessor-version":[{"id":39866,"href":"https:\/\/rubi5.com\/staging\/wp-json\/wp\/v2\/product\/34755\/revisions\/39866"}],"wp:featuredmedia":[{"embeddable":true,"href":"https:\/\/rubi5.com\/staging\/wp-json\/wp\/v2\/media\/62147"}],"wp:attachment":[{"href":"https:\/\/rubi5.com\/staging\/wp-json\/wp\/v2\/media?parent=34755"}],"wp:term":[{"taxonomy":"product_brand","embeddable":true,"href":"https:\/\/rubi5.com\/staging\/wp-json\/wp\/v2\/product_brand?post=34755"},{"taxonomy":"product_cat","embeddable":true,"href":"https:\/\/rubi5.com\/staging\/wp-json\/wp\/v2\/product_cat?post=34755"},{"taxonomy":"product_tag","embeddable":true,"href":"https:\/\/rubi5.com\/staging\/wp-json\/wp\/v2\/product_tag?post=34755"}],"curies":[{"name":"wp","href":"https:\/\/api.w.org\/{rel}","templated":true}]}}