{"id":34762,"date":"2023-01-09T13:21:23","date_gmt":"2023-01-09T11:21:23","guid":{"rendered":"https:\/\/rubi5.com\/?post_type=product&#038;p=34762"},"modified":"2024-08-28T13:13:05","modified_gmt":"2024-08-28T11:13:05","slug":"bolsa-flue-color-medium","status":"publish","type":"product","link":"https:\/\/rubi5.com\/staging\/bolsa-flue-color-medium\/","title":{"rendered":"Bolsa flue color medium"},"content":{"rendered":"","protected":false},"excerpt":{"rendered":"<p>Estuche portatodo PVC con cremallera. Podr\u00e1s guardar desde documentos, art\u00edculos de ba\u00f1o, o usarlo como estuche para llevar tus bol\u00edgrafos.<\/p>\n","protected":false},"featured_media":34822,"template":"","meta":{"_acf_changed":false},"product_brand":[],"product_cat":[936,33,251],"product_tag":[],"class_list":{"0":"post-34762","1":"product","2":"type-product","3":"status-publish","4":"has-post-thumbnail","6":"product_cat-fundas-portadocumentos","7":"product_cat-oficina","8":"product_cat-portadocumentos-personalizados","10":"first","11":"instock","12":"taxable","13":"shipping-taxable","14":"purchasable","15":"product-type-variable"},"acf":[],"_links":{"self":[{"href":"https:\/\/rubi5.com\/staging\/wp-json\/wp\/v2\/product\/34762","targetHints":{"allow":["GET"]}}],"collection":[{"href":"https:\/\/rubi5.com\/staging\/wp-json\/wp\/v2\/product"}],"about":[{"href":"https:\/\/rubi5.com\/staging\/wp-json\/wp\/v2\/types\/product"}],"version-history":[{"count":3,"href":"https:\/\/rubi5.com\/staging\/wp-json\/wp\/v2\/product\/34762\/revisions"}],"predecessor-version":[{"id":39868,"href":"https:\/\/rubi5.com\/staging\/wp-json\/wp\/v2\/product\/34762\/revisions\/39868"}],"wp:featuredmedia":[{"embeddable":true,"href":"https:\/\/rubi5.com\/staging\/wp-json\/wp\/v2\/media\/34822"}],"wp:attachment":[{"href":"https:\/\/rubi5.com\/staging\/wp-json\/wp\/v2\/media?parent=34762"}],"wp:term":[{"taxonomy":"product_brand","embeddable":true,"href":"https:\/\/rubi5.com\/staging\/wp-json\/wp\/v2\/product_brand?post=34762"},{"taxonomy":"product_cat","embeddable":true,"href":"https:\/\/rubi5.com\/staging\/wp-json\/wp\/v2\/product_cat?post=34762"},{"taxonomy":"product_tag","embeddable":true,"href":"https:\/\/rubi5.com\/staging\/wp-json\/wp\/v2\/product_tag?post=34762"}],"curies":[{"name":"wp","href":"https:\/\/api.w.org\/{rel}","templated":true}]}}