{"id":34781,"date":"2023-01-09T13:21:47","date_gmt":"2023-01-09T11:21:47","guid":{"rendered":"https:\/\/rubi5.com\/?post_type=product&#038;p=34781"},"modified":"2025-09-16T09:53:49","modified_gmt":"2025-09-16T07:53:49","slug":"portadocumentacion-auto","status":"publish","type":"product","link":"https:\/\/rubi5.com\/staging\/portadocumentacion-auto\/","title":{"rendered":"Portadocumentaci\u00f3n auto"},"content":{"rendered":"","protected":false},"excerpt":{"rendered":"<p>Funda para guardar la documentaci\u00f3n del autom\u00f3vil.<\/p>\n<p>Podr\u00e1s llevarlo en la guantera del coche con la documentaci\u00f3n de tr\u00e1fico, para tenerla siempre a mano. Podr\u00e1s personalizarlo con tu logo y tu tel\u00e9fono para que tus clientes siempre tengan tu n\u00famero de contacto a mano en cualquier momento que necesiten tus servicios.<\/p>\n","protected":false},"featured_media":34825,"template":"","meta":{"_acf_changed":false},"product_brand":[],"product_cat":[936,33,251],"product_tag":[],"class_list":{"0":"post-34781","1":"product","2":"type-product","3":"status-publish","4":"has-post-thumbnail","6":"product_cat-fundas-portadocumentos","7":"product_cat-oficina","8":"product_cat-portadocumentos-personalizados","10":"first","11":"instock","12":"taxable","13":"shipping-taxable","14":"purchasable","15":"product-type-variable"},"acf":[],"_links":{"self":[{"href":"https:\/\/rubi5.com\/staging\/wp-json\/wp\/v2\/product\/34781","targetHints":{"allow":["GET"]}}],"collection":[{"href":"https:\/\/rubi5.com\/staging\/wp-json\/wp\/v2\/product"}],"about":[{"href":"https:\/\/rubi5.com\/staging\/wp-json\/wp\/v2\/types\/product"}],"version-history":[{"count":3,"href":"https:\/\/rubi5.com\/staging\/wp-json\/wp\/v2\/product\/34781\/revisions"}],"predecessor-version":[{"id":39841,"href":"https:\/\/rubi5.com\/staging\/wp-json\/wp\/v2\/product\/34781\/revisions\/39841"}],"wp:featuredmedia":[{"embeddable":true,"href":"https:\/\/rubi5.com\/staging\/wp-json\/wp\/v2\/media\/34825"}],"wp:attachment":[{"href":"https:\/\/rubi5.com\/staging\/wp-json\/wp\/v2\/media?parent=34781"}],"wp:term":[{"taxonomy":"product_brand","embeddable":true,"href":"https:\/\/rubi5.com\/staging\/wp-json\/wp\/v2\/product_brand?post=34781"},{"taxonomy":"product_cat","embeddable":true,"href":"https:\/\/rubi5.com\/staging\/wp-json\/wp\/v2\/product_cat?post=34781"},{"taxonomy":"product_tag","embeddable":true,"href":"https:\/\/rubi5.com\/staging\/wp-json\/wp\/v2\/product_tag?post=34781"}],"curies":[{"name":"wp","href":"https:\/\/api.w.org\/{rel}","templated":true}]}}