{"id":34838,"date":"2023-01-09T13:22:35","date_gmt":"2023-01-09T11:22:35","guid":{"rendered":"https:\/\/rubi5.com\/?post_type=product&#038;p=34838"},"modified":"2024-03-01T12:19:45","modified_gmt":"2024-03-01T10:19:45","slug":"navaja-agricultura","status":"publish","type":"product","link":"https:\/\/rubi5.com\/staging\/navaja-agricultura\/","title":{"rendered":"Navaja agricultura"},"content":{"rendered":"","protected":false},"excerpt":{"rendered":"<p>Navaja con hoja en acero inoxidable y empu\u00f1adura en madera.\u00a0De 8,5 cm cerrada y 15 cm abierta.<\/p>\n<p>El estilo de esta navaja es perfecto para el mundo agr\u00edcola. Podr\u00e1s entreg\u00e1rsela a tus empleados o regalarla a tus clientes m\u00e1s fieles.<\/p>\n<p>*No permite personalizaci\u00f3n.<\/p>\n","protected":false},"featured_media":34896,"template":"","meta":{"_acf_changed":false},"product_brand":[],"product_cat":[377,199,378],"product_tag":[],"class_list":{"0":"post-34838","1":"product","2":"type-product","3":"status-publish","4":"has-post-thumbnail","6":"product_cat-herramientas-personalizadas","7":"product_cat-hogar","8":"product_cat-navajas-personalizadas","10":"first","11":"instock","12":"taxable","13":"shipping-taxable","14":"purchasable","15":"product-type-simple"},"acf":[],"_links":{"self":[{"href":"https:\/\/rubi5.com\/staging\/wp-json\/wp\/v2\/product\/34838","targetHints":{"allow":["GET"]}}],"collection":[{"href":"https:\/\/rubi5.com\/staging\/wp-json\/wp\/v2\/product"}],"about":[{"href":"https:\/\/rubi5.com\/staging\/wp-json\/wp\/v2\/types\/product"}],"version-history":[{"count":4,"href":"https:\/\/rubi5.com\/staging\/wp-json\/wp\/v2\/product\/34838\/revisions"}],"predecessor-version":[{"id":56690,"href":"https:\/\/rubi5.com\/staging\/wp-json\/wp\/v2\/product\/34838\/revisions\/56690"}],"wp:featuredmedia":[{"embeddable":true,"href":"https:\/\/rubi5.com\/staging\/wp-json\/wp\/v2\/media\/34896"}],"wp:attachment":[{"href":"https:\/\/rubi5.com\/staging\/wp-json\/wp\/v2\/media?parent=34838"}],"wp:term":[{"taxonomy":"product_brand","embeddable":true,"href":"https:\/\/rubi5.com\/staging\/wp-json\/wp\/v2\/product_brand?post=34838"},{"taxonomy":"product_cat","embeddable":true,"href":"https:\/\/rubi5.com\/staging\/wp-json\/wp\/v2\/product_cat?post=34838"},{"taxonomy":"product_tag","embeddable":true,"href":"https:\/\/rubi5.com\/staging\/wp-json\/wp\/v2\/product_tag?post=34838"}],"curies":[{"name":"wp","href":"https:\/\/api.w.org\/{rel}","templated":true}]}}