{"id":34866,"date":"2023-01-09T13:22:59","date_gmt":"2023-01-09T11:22:59","guid":{"rendered":"https:\/\/rubi5.com\/?post_type=product&#038;p=34866"},"modified":"2024-06-18T13:54:14","modified_gmt":"2024-06-18T11:54:14","slug":"pastillero-con-cutter","status":"publish","type":"product","link":"https:\/\/rubi5.com\/staging\/pastillero-con-cutter\/","title":{"rendered":"Pastillero con cutter"},"content":{"rendered":"","protected":false},"excerpt":{"rendered":"<p>Pastillero con cutter, con un compartimento donde en su interior vienen dos cajitas independientes para guardar las pastillas. Al otro lado, dispone de un cutter para partir pastillas.<\/p>\n<p>Este pastillero personalizado es muy pr\u00e1ctico para salir a comer fuera de casa y llevarte tu medicaci\u00f3n organizada, siempre en el bolso. La mayor\u00eda de pastilleros promocionales que encontrar\u00e1s por ah\u00ed solo tienen sus compartimentos para pastillas. El cutter es un plus que har\u00e1 mucho m\u00e1s completo tu pastillero.<\/p>\n<p>Podr\u00e1s a\u00f1adir en la tapa de este art\u00edculo el nombre de tu farmacia, y tendr\u00e1s un regalo original para tus clientes, que ya no tendr\u00e1n que comprarse un pastillero para casa.<\/p>\n<p>\u00c1rea m\u00e1xima de personalizaci\u00f3n: 4,5 x 2 cm<\/p>\n","protected":false},"featured_media":62289,"template":"","meta":{"_acf_changed":false},"product_brand":[],"product_cat":[381,187],"product_tag":[],"class_list":{"0":"post-34866","1":"product","2":"type-product","3":"status-publish","4":"has-post-thumbnail","6":"product_cat-pastilleros-personalizados","7":"product_cat-salud-y-bienestar","9":"first","10":"instock","11":"taxable","12":"shipping-taxable","13":"purchasable","14":"product-type-variable"},"acf":[],"_links":{"self":[{"href":"https:\/\/rubi5.com\/staging\/wp-json\/wp\/v2\/product\/34866","targetHints":{"allow":["GET"]}}],"collection":[{"href":"https:\/\/rubi5.com\/staging\/wp-json\/wp\/v2\/product"}],"about":[{"href":"https:\/\/rubi5.com\/staging\/wp-json\/wp\/v2\/types\/product"}],"version-history":[{"count":4,"href":"https:\/\/rubi5.com\/staging\/wp-json\/wp\/v2\/product\/34866\/revisions"}],"predecessor-version":[{"id":56582,"href":"https:\/\/rubi5.com\/staging\/wp-json\/wp\/v2\/product\/34866\/revisions\/56582"}],"wp:featuredmedia":[{"embeddable":true,"href":"https:\/\/rubi5.com\/staging\/wp-json\/wp\/v2\/media\/62289"}],"wp:attachment":[{"href":"https:\/\/rubi5.com\/staging\/wp-json\/wp\/v2\/media?parent=34866"}],"wp:term":[{"taxonomy":"product_brand","embeddable":true,"href":"https:\/\/rubi5.com\/staging\/wp-json\/wp\/v2\/product_brand?post=34866"},{"taxonomy":"product_cat","embeddable":true,"href":"https:\/\/rubi5.com\/staging\/wp-json\/wp\/v2\/product_cat?post=34866"},{"taxonomy":"product_tag","embeddable":true,"href":"https:\/\/rubi5.com\/staging\/wp-json\/wp\/v2\/product_tag?post=34866"}],"curies":[{"name":"wp","href":"https:\/\/api.w.org\/{rel}","templated":true}]}}