{"id":34882,"date":"2023-01-09T13:23:22","date_gmt":"2023-01-09T11:23:22","guid":{"rendered":"https:\/\/rubi5.com\/?post_type=product&#038;p=34882"},"modified":"2025-11-21T13:13:37","modified_gmt":"2025-11-21T11:13:37","slug":"pastillero-redondo","status":"publish","type":"product","link":"https:\/\/rubi5.com\/staging\/pastillero-redondo\/","title":{"rendered":"Pastillero redondo"},"content":{"rendered":"","protected":false},"excerpt":{"rendered":"<p>Pastillero redondo con 3 compartimentos independientes con una tapa para cada uno. Un pastillero para personalizar con el nombre de tu farmacia, y hacer un regalo de lo m\u00e1s pr\u00e1ctico. \u00bfQui\u00e9n no tiene un familiar que al salir a cenar se da cuenta de que se le han olvidado las pastillas en casa?<\/p>\n<p>Con este pastillero, acompa\u00f1a a tus clientes a diario en su d\u00eda a d\u00eda. No hay mejor manera de fidelizar clientes.<\/p>\n<p>\u00c1rea m\u00e1xima de personalizaci\u00f3n: 4 x 1 cm<\/p>\n","protected":false},"featured_media":62291,"template":"","meta":{"_acf_changed":false},"product_brand":[],"product_cat":[381,187],"product_tag":[],"class_list":{"0":"post-34882","1":"product","2":"type-product","3":"status-publish","4":"has-post-thumbnail","6":"product_cat-pastilleros-personalizados","7":"product_cat-salud-y-bienestar","9":"first","10":"instock","11":"taxable","12":"shipping-taxable","13":"purchasable","14":"product-type-variable"},"acf":[],"_links":{"self":[{"href":"https:\/\/rubi5.com\/staging\/wp-json\/wp\/v2\/product\/34882","targetHints":{"allow":["GET"]}}],"collection":[{"href":"https:\/\/rubi5.com\/staging\/wp-json\/wp\/v2\/product"}],"about":[{"href":"https:\/\/rubi5.com\/staging\/wp-json\/wp\/v2\/types\/product"}],"version-history":[{"count":4,"href":"https:\/\/rubi5.com\/staging\/wp-json\/wp\/v2\/product\/34882\/revisions"}],"predecessor-version":[{"id":56585,"href":"https:\/\/rubi5.com\/staging\/wp-json\/wp\/v2\/product\/34882\/revisions\/56585"}],"wp:featuredmedia":[{"embeddable":true,"href":"https:\/\/rubi5.com\/staging\/wp-json\/wp\/v2\/media\/62291"}],"wp:attachment":[{"href":"https:\/\/rubi5.com\/staging\/wp-json\/wp\/v2\/media?parent=34882"}],"wp:term":[{"taxonomy":"product_brand","embeddable":true,"href":"https:\/\/rubi5.com\/staging\/wp-json\/wp\/v2\/product_brand?post=34882"},{"taxonomy":"product_cat","embeddable":true,"href":"https:\/\/rubi5.com\/staging\/wp-json\/wp\/v2\/product_cat?post=34882"},{"taxonomy":"product_tag","embeddable":true,"href":"https:\/\/rubi5.com\/staging\/wp-json\/wp\/v2\/product_tag?post=34882"}],"curies":[{"name":"wp","href":"https:\/\/api.w.org\/{rel}","templated":true}]}}