{"id":34888,"date":"2023-01-09T13:23:23","date_gmt":"2023-01-09T11:23:23","guid":{"rendered":"https:\/\/rubi5.com\/?post_type=product&#038;p=34888"},"modified":"2024-09-11T13:12:03","modified_gmt":"2024-09-11T11:12:03","slug":"pastillero-de-bolsillo","status":"publish","type":"product","link":"https:\/\/rubi5.com\/staging\/pastillero-de-bolsillo\/","title":{"rendered":"Pastillero de bolsillo"},"content":{"rendered":"","protected":false},"excerpt":{"rendered":"<p>Pastillero publicitario de bolsillo con 3 compartimentos para tus pastillas.<\/p>\n<p>Dimensiones del pastillero: 6 x 3,5 cm.<\/p>\n<p>Un pastillero personalizado con tu logo es el regalo ideal para una farmacia. As\u00ed, tus clientes t<span data-sheets-value=\"{&quot;1&quot;:2,&quot;2&quot;:&quot;Tendr\u00e1n siempre a mano y ordenada su medicaci\u00f3n.&quot;}\" data-sheets-userformat=\"{&quot;2&quot;:14463,&quot;3&quot;:{&quot;1&quot;:0,&quot;3&quot;:1},&quot;4&quot;:{&quot;1&quot;:2,&quot;2&quot;:15921906},&quot;5&quot;:{&quot;1&quot;:[{&quot;1&quot;:2,&quot;2&quot;:0,&quot;5&quot;:{&quot;1&quot;:0}},{&quot;1&quot;:0,&quot;2&quot;:0,&quot;3&quot;:3},{&quot;1&quot;:1,&quot;2&quot;:0,&quot;4&quot;:1}]},&quot;6&quot;:{&quot;1&quot;:[{&quot;1&quot;:2,&quot;2&quot;:0,&quot;5&quot;:{&quot;1&quot;:0}},{&quot;1&quot;:0,&quot;2&quot;:0,&quot;3&quot;:3},{&quot;1&quot;:1,&quot;2&quot;:0,&quot;4&quot;:1}]},&quot;7&quot;:{&quot;1&quot;:[{&quot;1&quot;:2,&quot;2&quot;:0,&quot;5&quot;:{&quot;1&quot;:2,&quot;2&quot;:0}},{&quot;1&quot;:0,&quot;2&quot;:0,&quot;3&quot;:3},{&quot;1&quot;:1,&quot;2&quot;:0,&quot;4&quot;:2}]},&quot;8&quot;:{&quot;1&quot;:[{&quot;1&quot;:2,&quot;2&quot;:0,&quot;5&quot;:{&quot;1&quot;:2,&quot;2&quot;:0}},{&quot;1&quot;:0,&quot;2&quot;:0,&quot;3&quot;:3},{&quot;1&quot;:1,&quot;2&quot;:0,&quot;4&quot;:2}]},&quot;9&quot;:0,&quot;14&quot;:{&quot;1&quot;:2,&quot;2&quot;:0},&quot;15&quot;:&quot;Calibri&quot;,&quot;16&quot;:10}\">endr\u00e1n siempre a mano su medicaci\u00f3n diaria. Adem\u00e1s, gracias a sus varios compartimentos, podr\u00e1n ordenar sus pastillas de la forma que les sea m\u00e1s f\u00e1cil.<\/span><\/p>\n<p>Elige el color que mejor combine con los colores corporativos de tu farmacia, y entrega este pastillero a tus clientes.<\/p>\n<p>\u00c1rea m\u00e1xima de personalizaci\u00f3n: 4 x 2 cm<\/p>\n","protected":false},"featured_media":62290,"template":"","meta":{"_acf_changed":false},"product_brand":[],"product_cat":[381,187],"product_tag":[],"class_list":{"0":"post-34888","1":"product","2":"type-product","3":"status-publish","4":"has-post-thumbnail","6":"product_cat-pastilleros-personalizados","7":"product_cat-salud-y-bienestar","9":"first","10":"instock","11":"taxable","12":"shipping-taxable","13":"purchasable","14":"product-type-variable"},"acf":[],"_links":{"self":[{"href":"https:\/\/rubi5.com\/staging\/wp-json\/wp\/v2\/product\/34888","targetHints":{"allow":["GET"]}}],"collection":[{"href":"https:\/\/rubi5.com\/staging\/wp-json\/wp\/v2\/product"}],"about":[{"href":"https:\/\/rubi5.com\/staging\/wp-json\/wp\/v2\/types\/product"}],"version-history":[{"count":5,"href":"https:\/\/rubi5.com\/staging\/wp-json\/wp\/v2\/product\/34888\/revisions"}],"predecessor-version":[{"id":39853,"href":"https:\/\/rubi5.com\/staging\/wp-json\/wp\/v2\/product\/34888\/revisions\/39853"}],"wp:featuredmedia":[{"embeddable":true,"href":"https:\/\/rubi5.com\/staging\/wp-json\/wp\/v2\/media\/62290"}],"wp:attachment":[{"href":"https:\/\/rubi5.com\/staging\/wp-json\/wp\/v2\/media?parent=34888"}],"wp:term":[{"taxonomy":"product_brand","embeddable":true,"href":"https:\/\/rubi5.com\/staging\/wp-json\/wp\/v2\/product_brand?post=34888"},{"taxonomy":"product_cat","embeddable":true,"href":"https:\/\/rubi5.com\/staging\/wp-json\/wp\/v2\/product_cat?post=34888"},{"taxonomy":"product_tag","embeddable":true,"href":"https:\/\/rubi5.com\/staging\/wp-json\/wp\/v2\/product_tag?post=34888"}],"curies":[{"name":"wp","href":"https:\/\/api.w.org\/{rel}","templated":true}]}}