{"id":34908,"date":"2023-01-09T13:23:45","date_gmt":"2023-01-09T11:23:45","guid":{"rendered":"https:\/\/rubi5.com\/?post_type=product&#038;p=34908"},"modified":"2024-08-28T14:35:44","modified_gmt":"2024-08-28T12:35:44","slug":"pastillero-8-compartimentos","status":"publish","type":"product","link":"https:\/\/rubi5.com\/staging\/pastillero-8-compartimentos\/","title":{"rendered":"Pastillero 8 compartimentos"},"content":{"rendered":"","protected":false},"excerpt":{"rendered":"<p>Pastillero con 7 compartimentos para guardar las pastillas de toda la semana, adem\u00e1s de uno extra para poder tener una recarga. Con esta forma rectangular y plana, ser\u00e1 perfecto para guardar en cualquier sitio, o tener a mano encima de la mesa, sin estorbar.\u00a0 Los 7 compartimentos para pastillas se encuentran distribuidos a un lado y en el otro un gran compartimento para guardar las recargas.<\/p>\n<p>Si quieres que tus pacientes tengan siempre controlada su medicaci\u00f3n, reg\u00e1lales un pastillero personalizado como este. Ser\u00eda una gran idea para hacer con el nombre del hospital. Su amplia \u00e1rea de marcaje permite que puedas escribir el nombre entero de tu empresa.<\/p>\n<p>\u00c1rea m\u00e1xima de personalizaci\u00f3n: 8 x 1,5 cm<\/p>\n","protected":false},"featured_media":62288,"template":"","meta":{"_acf_changed":false},"product_brand":[],"product_cat":[381,187],"product_tag":[],"class_list":{"0":"post-34908","1":"product","2":"type-product","3":"status-publish","4":"has-post-thumbnail","6":"product_cat-pastilleros-personalizados","7":"product_cat-salud-y-bienestar","9":"first","10":"instock","11":"taxable","12":"shipping-taxable","13":"purchasable","14":"product-type-variable"},"acf":[],"_links":{"self":[{"href":"https:\/\/rubi5.com\/staging\/wp-json\/wp\/v2\/product\/34908","targetHints":{"allow":["GET"]}}],"collection":[{"href":"https:\/\/rubi5.com\/staging\/wp-json\/wp\/v2\/product"}],"about":[{"href":"https:\/\/rubi5.com\/staging\/wp-json\/wp\/v2\/types\/product"}],"version-history":[{"count":2,"href":"https:\/\/rubi5.com\/staging\/wp-json\/wp\/v2\/product\/34908\/revisions"}],"predecessor-version":[{"id":56581,"href":"https:\/\/rubi5.com\/staging\/wp-json\/wp\/v2\/product\/34908\/revisions\/56581"}],"wp:featuredmedia":[{"embeddable":true,"href":"https:\/\/rubi5.com\/staging\/wp-json\/wp\/v2\/media\/62288"}],"wp:attachment":[{"href":"https:\/\/rubi5.com\/staging\/wp-json\/wp\/v2\/media?parent=34908"}],"wp:term":[{"taxonomy":"product_brand","embeddable":true,"href":"https:\/\/rubi5.com\/staging\/wp-json\/wp\/v2\/product_brand?post=34908"},{"taxonomy":"product_cat","embeddable":true,"href":"https:\/\/rubi5.com\/staging\/wp-json\/wp\/v2\/product_cat?post=34908"},{"taxonomy":"product_tag","embeddable":true,"href":"https:\/\/rubi5.com\/staging\/wp-json\/wp\/v2\/product_tag?post=34908"}],"curies":[{"name":"wp","href":"https:\/\/api.w.org\/{rel}","templated":true}]}}