{"id":34976,"date":"2023-01-10T09:45:55","date_gmt":"2023-01-10T07:45:55","guid":{"rendered":"https:\/\/rubi5.com\/?post_type=product&#038;p=34976"},"modified":"2026-01-22T04:31:59","modified_gmt":"2026-01-22T02:31:59","slug":"boligrafo-jotter-acero-parker","status":"publish","type":"product","link":"https:\/\/rubi5.com\/staging\/boligrafo-jotter-acero-parker\/","title":{"rendered":"Bol\u00edgrafo Jotter acero Parker"},"content":{"rendered":"","protected":false},"excerpt":{"rendered":"<p>Bol\u00edgrafo Parker Jotter Core, un cl\u00e1sico entre los bol\u00edgrafos con tinta de gel. Fabricado en acero inoxidable, con adornos cromados. De mecanismo pulsador con el clip de forma ic\u00f3nica en punta de flecha de la marca.<\/p>\n<p>Tinta azul.<\/p>\n<p>Presentaci\u00f3n en estuche individual negro con logotipo Parker.<\/p>\n<p>Con la fluidez, precisi\u00f3n e intensidad homog\u00e9neas propias de PARKER Jotter, un referente en cuanto a estilo desde hace m\u00e1s de 60 a\u00f1os. Con un dise\u00f1o novedoso y simplificado y con una tinta de gel intensa y homog\u00e9nea que traza con fluidez l\u00edneas que se secan con rapidez para evitar borrones, reflejando su legado en cada detalle.<\/p>\n","protected":false},"featured_media":62885,"template":"","meta":{"_acf_changed":false},"product_brand":[],"product_cat":[321,317,43],"product_tag":[],"class_list":{"0":"post-34976","1":"product","2":"type-product","3":"status-publish","4":"has-post-thumbnail","6":"product_cat-boligrafos-de-lujo","7":"product_cat-boligrafos-personalizados","8":"product_cat-escritura","9":"pa_marcas-parker","11":"first","12":"instock","13":"taxable","14":"shipping-taxable","15":"purchasable","16":"product-type-simple"},"acf":[],"_links":{"self":[{"href":"https:\/\/rubi5.com\/staging\/wp-json\/wp\/v2\/product\/34976","targetHints":{"allow":["GET"]}}],"collection":[{"href":"https:\/\/rubi5.com\/staging\/wp-json\/wp\/v2\/product"}],"about":[{"href":"https:\/\/rubi5.com\/staging\/wp-json\/wp\/v2\/types\/product"}],"version-history":[{"count":3,"href":"https:\/\/rubi5.com\/staging\/wp-json\/wp\/v2\/product\/34976\/revisions"}],"predecessor-version":[{"id":59340,"href":"https:\/\/rubi5.com\/staging\/wp-json\/wp\/v2\/product\/34976\/revisions\/59340"}],"wp:featuredmedia":[{"embeddable":true,"href":"https:\/\/rubi5.com\/staging\/wp-json\/wp\/v2\/media\/62885"}],"wp:attachment":[{"href":"https:\/\/rubi5.com\/staging\/wp-json\/wp\/v2\/media?parent=34976"}],"wp:term":[{"taxonomy":"product_brand","embeddable":true,"href":"https:\/\/rubi5.com\/staging\/wp-json\/wp\/v2\/product_brand?post=34976"},{"taxonomy":"product_cat","embeddable":true,"href":"https:\/\/rubi5.com\/staging\/wp-json\/wp\/v2\/product_cat?post=34976"},{"taxonomy":"product_tag","embeddable":true,"href":"https:\/\/rubi5.com\/staging\/wp-json\/wp\/v2\/product_tag?post=34976"}],"curies":[{"name":"wp","href":"https:\/\/api.w.org\/{rel}","templated":true}]}}