{"id":34977,"date":"2023-01-10T09:45:55","date_gmt":"2023-01-10T07:45:55","guid":{"rendered":"https:\/\/rubi5.com\/?post_type=product&#038;p=34977"},"modified":"2026-01-22T04:31:59","modified_gmt":"2026-01-22T02:31:59","slug":"boligrafo-parker-jotter-original","status":"publish","type":"product","link":"https:\/\/rubi5.com\/staging\/boligrafo-parker-jotter-original\/","title":{"rendered":"Bol\u00edgrafo Parker Jotter Original"},"content":{"rendered":"","protected":false},"excerpt":{"rendered":"<p>El bol\u00edgrafo Parker Jotter Original, es todo un cl\u00e1sico de la famosa marca de escritura Parker. De acabado retro y fabricado en combinaci\u00f3n de acero inox y resistente ABS. Con mecanismo pulsador, cl\u00e1sico cartucho interior y carga jumbo.<\/p>\n<p>Tinta negra.<\/p>\n<p>Presentaci\u00f3n en estuche individual negro con logotipo Parker.<\/p>\n<p>Parker Jotter Originals es una colecci\u00f3n retro inspirada en el esp\u00edritu de los 90. Garantiza una escritura fluida en cada trazo del bol\u00edgrafo.<\/p>\n","protected":false},"featured_media":62208,"template":"","meta":{"_acf_changed":false},"product_brand":[],"product_cat":[321,317,43],"product_tag":[],"class_list":{"0":"post-34977","1":"product","2":"type-product","3":"status-publish","4":"has-post-thumbnail","6":"product_cat-boligrafos-de-lujo","7":"product_cat-boligrafos-personalizados","8":"product_cat-escritura","9":"pa_marcas-parker","11":"first","12":"instock","13":"taxable","14":"shipping-taxable","15":"product-type-variable"},"acf":[],"_links":{"self":[{"href":"https:\/\/rubi5.com\/staging\/wp-json\/wp\/v2\/product\/34977","targetHints":{"allow":["GET"]}}],"collection":[{"href":"https:\/\/rubi5.com\/staging\/wp-json\/wp\/v2\/product"}],"about":[{"href":"https:\/\/rubi5.com\/staging\/wp-json\/wp\/v2\/types\/product"}],"version-history":[{"count":3,"href":"https:\/\/rubi5.com\/staging\/wp-json\/wp\/v2\/product\/34977\/revisions"}],"predecessor-version":[{"id":59290,"href":"https:\/\/rubi5.com\/staging\/wp-json\/wp\/v2\/product\/34977\/revisions\/59290"}],"wp:featuredmedia":[{"embeddable":true,"href":"https:\/\/rubi5.com\/staging\/wp-json\/wp\/v2\/media\/62208"}],"wp:attachment":[{"href":"https:\/\/rubi5.com\/staging\/wp-json\/wp\/v2\/media?parent=34977"}],"wp:term":[{"taxonomy":"product_brand","embeddable":true,"href":"https:\/\/rubi5.com\/staging\/wp-json\/wp\/v2\/product_brand?post=34977"},{"taxonomy":"product_cat","embeddable":true,"href":"https:\/\/rubi5.com\/staging\/wp-json\/wp\/v2\/product_cat?post=34977"},{"taxonomy":"product_tag","embeddable":true,"href":"https:\/\/rubi5.com\/staging\/wp-json\/wp\/v2\/product_tag?post=34977"}],"curies":[{"name":"wp","href":"https:\/\/api.w.org\/{rel}","templated":true}]}}