{"id":34980,"date":"2023-01-10T09:45:55","date_gmt":"2023-01-10T07:45:55","guid":{"rendered":"https:\/\/rubi5.com\/?post_type=product&#038;p=34980"},"modified":"2023-02-09T09:59:58","modified_gmt":"2023-02-09T07:59:58","slug":"gorra-poliester-con-hebilla-cerus","status":"publish","type":"product","link":"https:\/\/rubi5.com\/staging\/gorra-poliester-con-hebilla-cerus\/","title":{"rendered":"Gorra poli\u00e9ster con hebilla Cerus"},"content":{"rendered":"","protected":false},"excerpt":{"rendered":"<p>Gorra de 6 paneles con cierre de hebilla met\u00e1lica. Con una malla para mayor ventilaci\u00f3n en el interior. Circunferencia del casco 58 cms. Malla con un acabado cool fit 100% Poli\u00e9ster, 105 g\/m2.<\/p>\n","protected":false},"featured_media":34606,"template":"","meta":{"_acf_changed":false},"product_brand":[],"product_cat":[737,740,29],"product_tag":[],"class_list":{"0":"post-34980","1":"product","2":"type-product","3":"status-publish","4":"has-post-thumbnail","6":"product_cat-complementos-personalizados","7":"product_cat-gorras-personalizadas","8":"product_cat-textil","10":"first","11":"instock","12":"taxable","13":"shipping-taxable","14":"purchasable","15":"product-type-variable"},"acf":[],"_links":{"self":[{"href":"https:\/\/rubi5.com\/staging\/wp-json\/wp\/v2\/product\/34980","targetHints":{"allow":["GET"]}}],"collection":[{"href":"https:\/\/rubi5.com\/staging\/wp-json\/wp\/v2\/product"}],"about":[{"href":"https:\/\/rubi5.com\/staging\/wp-json\/wp\/v2\/types\/product"}],"version-history":[{"count":1,"href":"https:\/\/rubi5.com\/staging\/wp-json\/wp\/v2\/product\/34980\/revisions"}],"predecessor-version":[{"id":34988,"href":"https:\/\/rubi5.com\/staging\/wp-json\/wp\/v2\/product\/34980\/revisions\/34988"}],"wp:featuredmedia":[{"embeddable":true,"href":"https:\/\/rubi5.com\/staging\/wp-json\/wp\/v2\/media\/34606"}],"wp:attachment":[{"href":"https:\/\/rubi5.com\/staging\/wp-json\/wp\/v2\/media?parent=34980"}],"wp:term":[{"taxonomy":"product_brand","embeddable":true,"href":"https:\/\/rubi5.com\/staging\/wp-json\/wp\/v2\/product_brand?post=34980"},{"taxonomy":"product_cat","embeddable":true,"href":"https:\/\/rubi5.com\/staging\/wp-json\/wp\/v2\/product_cat?post=34980"},{"taxonomy":"product_tag","embeddable":true,"href":"https:\/\/rubi5.com\/staging\/wp-json\/wp\/v2\/product_tag?post=34980"}],"curies":[{"name":"wp","href":"https:\/\/api.w.org\/{rel}","templated":true}]}}