{"id":35249,"date":"2023-01-11T15:08:34","date_gmt":"2023-01-11T13:08:34","guid":{"rendered":"https:\/\/rubi5.com\/?post_type=product&#038;p=35249"},"modified":"2025-08-13T08:16:24","modified_gmt":"2025-08-13T06:16:24","slug":"sudadera-con-capucha-urban-kids","status":"publish","type":"product","link":"https:\/\/rubi5.com\/staging\/sudadera-con-capucha-urban-kids\/","title":{"rendered":"Sudadera con capucha Urban Kids"},"content":{"rendered":"<h2>TABLA DE TALLAS<\/h2>\n<table width=\"514\">\n<tbody>\n<tr>\n<td width=\"114\">TALLAS NI\u00d1OS:<\/td>\n<td width=\"80\">3\/4<\/td>\n<td width=\"80\">5\/6<\/td>\n<td width=\"80\">7\/8<\/td>\n<td width=\"80\">9\/10<\/td>\n<td width=\"80\">11\/12<\/td>\n<\/tr>\n<tr>\n<td>ANCHO (A)<\/td>\n<td>36cm<\/td>\n<td>39cm<\/td>\n<td>42cm<\/td>\n<td>45cm<\/td>\n<td>48cm<\/td>\n<\/tr>\n<tr>\n<td>LARGO (B)<\/td>\n<td>44cm<\/td>\n<td>48cm<\/td>\n<td>52cm<\/td>\n<td>56cm<\/td>\n<td>60cm<\/td>\n<\/tr>\n<\/tbody>\n<\/table>\n<p><img loading=\"lazy\" decoding=\"async\" class=\"alignnone wp-image-64997\" src=\"https:\/\/rubi5.com\/staging\/wp-content\/uploads\/2023\/01\/guia-tallas-sudaderas.png\" alt=\"Gu\u00eda tallas sudaderas\" width=\"211\" height=\"160\" title=\"\" srcset=\"https:\/\/rubi5.com\/staging\/wp-content\/uploads\/2023\/01\/guia-tallas-sudaderas.png 366w, https:\/\/rubi5.com\/staging\/wp-content\/uploads\/2023\/01\/guia-tallas-sudaderas-16x12.png 16w, https:\/\/rubi5.com\/staging\/wp-content\/uploads\/2023\/01\/guia-tallas-sudaderas-150x114.png 150w\" sizes=\"auto, (max-width: 211px) 100vw, 211px\" \/><\/p>\n","protected":false},"excerpt":{"rendered":"<p>Sudadera con capucha para ni\u00f1os de doble tejido, con cord\u00f3n ajustable, en acabados s\u00f3lido y bicolor. Cubrecosturas en el cuello y bolsillo canguro. Punto canal\u00e9 con elastano 1&#215;1 en pu\u00f1os y cintura.<\/p>\n","protected":false},"featured_media":69429,"template":"","meta":{"_acf_changed":false},"product_brand":[],"product_cat":[400,399,29],"product_tag":[],"class_list":{"0":"post-35249","1":"product","2":"type-product","3":"status-publish","4":"has-post-thumbnail","6":"product_cat-sudaderas-con-capucha","7":"product_cat-sudaderas-personalizadas","8":"product_cat-textil","9":"pa_marcas-roly","11":"first","12":"instock","13":"taxable","14":"shipping-taxable","15":"product-type-external"},"acf":[],"_links":{"self":[{"href":"https:\/\/rubi5.com\/staging\/wp-json\/wp\/v2\/product\/35249","targetHints":{"allow":["GET"]}}],"collection":[{"href":"https:\/\/rubi5.com\/staging\/wp-json\/wp\/v2\/product"}],"about":[{"href":"https:\/\/rubi5.com\/staging\/wp-json\/wp\/v2\/types\/product"}],"version-history":[{"count":9,"href":"https:\/\/rubi5.com\/staging\/wp-json\/wp\/v2\/product\/35249\/revisions"}],"predecessor-version":[{"id":65000,"href":"https:\/\/rubi5.com\/staging\/wp-json\/wp\/v2\/product\/35249\/revisions\/65000"}],"wp:featuredmedia":[{"embeddable":true,"href":"https:\/\/rubi5.com\/staging\/wp-json\/wp\/v2\/media\/69429"}],"wp:attachment":[{"href":"https:\/\/rubi5.com\/staging\/wp-json\/wp\/v2\/media?parent=35249"}],"wp:term":[{"taxonomy":"product_brand","embeddable":true,"href":"https:\/\/rubi5.com\/staging\/wp-json\/wp\/v2\/product_brand?post=35249"},{"taxonomy":"product_cat","embeddable":true,"href":"https:\/\/rubi5.com\/staging\/wp-json\/wp\/v2\/product_cat?post=35249"},{"taxonomy":"product_tag","embeddable":true,"href":"https:\/\/rubi5.com\/staging\/wp-json\/wp\/v2\/product_tag?post=35249"}],"curies":[{"name":"wp","href":"https:\/\/api.w.org\/{rel}","templated":true}]}}