{"id":35543,"date":"2023-01-12T14:14:38","date_gmt":"2023-01-12T12:14:38","guid":{"rendered":"https:\/\/rubi5.com\/?post_type=product&#038;p=35543"},"modified":"2025-01-23T13:31:17","modified_gmt":"2025-01-23T11:31:17","slug":"libreta-de-notas-a5","status":"publish","type":"product","link":"https:\/\/rubi5.com\/staging\/libreta-de-notas-a5\/","title":{"rendered":"Libreta de notas A5"},"content":{"rendered":"","protected":false},"excerpt":{"rendered":"<p>Libreta A5 con tapa r\u00edgida de PU de tacto suave. 96 hojas lisas. Banda el\u00e1stica y marca p\u00e1ginas.<\/p>\n","protected":false},"featured_media":62155,"template":"","meta":{"_acf_changed":false},"product_brand":[],"product_cat":[33,934,247],"product_tag":[],"class_list":{"0":"post-35543","1":"product","2":"type-product","3":"status-publish","4":"has-post-thumbnail","6":"product_cat-oficina","7":"product_cat-libretas-a5","8":"product_cat-libretas-personalizadas","10":"first","11":"instock","12":"taxable","13":"shipping-taxable","14":"purchasable","15":"product-type-variable"},"acf":[],"_links":{"self":[{"href":"https:\/\/rubi5.com\/staging\/wp-json\/wp\/v2\/product\/35543","targetHints":{"allow":["GET"]}}],"collection":[{"href":"https:\/\/rubi5.com\/staging\/wp-json\/wp\/v2\/product"}],"about":[{"href":"https:\/\/rubi5.com\/staging\/wp-json\/wp\/v2\/types\/product"}],"version-history":[{"count":1,"href":"https:\/\/rubi5.com\/staging\/wp-json\/wp\/v2\/product\/35543\/revisions"}],"predecessor-version":[{"id":35575,"href":"https:\/\/rubi5.com\/staging\/wp-json\/wp\/v2\/product\/35543\/revisions\/35575"}],"wp:featuredmedia":[{"embeddable":true,"href":"https:\/\/rubi5.com\/staging\/wp-json\/wp\/v2\/media\/62155"}],"wp:attachment":[{"href":"https:\/\/rubi5.com\/staging\/wp-json\/wp\/v2\/media?parent=35543"}],"wp:term":[{"taxonomy":"product_brand","embeddable":true,"href":"https:\/\/rubi5.com\/staging\/wp-json\/wp\/v2\/product_brand?post=35543"},{"taxonomy":"product_cat","embeddable":true,"href":"https:\/\/rubi5.com\/staging\/wp-json\/wp\/v2\/product_cat?post=35543"},{"taxonomy":"product_tag","embeddable":true,"href":"https:\/\/rubi5.com\/staging\/wp-json\/wp\/v2\/product_tag?post=35543"}],"curies":[{"name":"wp","href":"https:\/\/api.w.org\/{rel}","templated":true}]}}