{"id":35552,"date":"2023-01-12T14:14:39","date_gmt":"2023-01-12T12:14:39","guid":{"rendered":"https:\/\/rubi5.com\/?post_type=product&#038;p=35552"},"modified":"2025-01-23T13:57:06","modified_gmt":"2025-01-23T11:57:06","slug":"balsamo-labial-gloss","status":"publish","type":"product","link":"https:\/\/rubi5.com\/staging\/balsamo-labial-gloss\/","title":{"rendered":"B\u00e1lsamo labial Gloss"},"content":{"rendered":"","protected":false},"excerpt":{"rendered":"<p>B\u00e1lsamo labial natural testado dermatol\u00f3gicamente. SPF10. Un art\u00edculo perfecto para usar en verano y cuidar tus labios del sol, y tambi\u00e9n para protegerlos del fr\u00edo del invierno.<\/p>\n<p>Este art\u00edculo de cuidado personal puede ser un regalo publicitario de los que nunca pasan de moda. No es una publicidad estacional, por lo que te permitir\u00e1 tener un detalle con tus clientes en cualquier momento del a\u00f1o. Y si quieres que tu publicidad te salga mucho m\u00e1s barata, haz b\u00e1lsamos personalizados de sobra. Cuanta m\u00e1s cantidad hagas, m\u00e1s econ\u00f3mico te saldr\u00e1 tu pedido, y tendr\u00e1s regalitos para tus clientes durante m\u00e1s tiempo, para todo tipo de ocasiones.<\/p>\n","protected":false},"featured_media":62902,"template":"","meta":{"_acf_changed":false},"product_brand":[],"product_cat":[922,187],"product_tag":[],"class_list":{"0":"post-35552","1":"product","2":"type-product","3":"status-publish","4":"has-post-thumbnail","6":"product_cat-balsamos-labiales","7":"product_cat-salud-y-bienestar","9":"first","10":"instock","11":"taxable","12":"shipping-taxable","13":"purchasable","14":"product-type-variable"},"acf":[],"_links":{"self":[{"href":"https:\/\/rubi5.com\/staging\/wp-json\/wp\/v2\/product\/35552","targetHints":{"allow":["GET"]}}],"collection":[{"href":"https:\/\/rubi5.com\/staging\/wp-json\/wp\/v2\/product"}],"about":[{"href":"https:\/\/rubi5.com\/staging\/wp-json\/wp\/v2\/types\/product"}],"version-history":[{"count":6,"href":"https:\/\/rubi5.com\/staging\/wp-json\/wp\/v2\/product\/35552\/revisions"}],"predecessor-version":[{"id":62826,"href":"https:\/\/rubi5.com\/staging\/wp-json\/wp\/v2\/product\/35552\/revisions\/62826"}],"wp:featuredmedia":[{"embeddable":true,"href":"https:\/\/rubi5.com\/staging\/wp-json\/wp\/v2\/media\/62902"}],"wp:attachment":[{"href":"https:\/\/rubi5.com\/staging\/wp-json\/wp\/v2\/media?parent=35552"}],"wp:term":[{"taxonomy":"product_brand","embeddable":true,"href":"https:\/\/rubi5.com\/staging\/wp-json\/wp\/v2\/product_brand?post=35552"},{"taxonomy":"product_cat","embeddable":true,"href":"https:\/\/rubi5.com\/staging\/wp-json\/wp\/v2\/product_cat?post=35552"},{"taxonomy":"product_tag","embeddable":true,"href":"https:\/\/rubi5.com\/staging\/wp-json\/wp\/v2\/product_tag?post=35552"}],"curies":[{"name":"wp","href":"https:\/\/api.w.org\/{rel}","templated":true}]}}