{"id":35588,"date":"2023-01-12T14:15:05","date_gmt":"2023-01-12T12:15:05","guid":{"rendered":"https:\/\/rubi5.com\/?post_type=product&#038;p=35588"},"modified":"2025-01-23T13:30:56","modified_gmt":"2025-01-23T11:30:56","slug":"libreta-a5-aconot","status":"publish","type":"product","link":"https:\/\/rubi5.com\/staging\/libreta-a5-aconot\/","title":{"rendered":"Libreta A5 hojas rayadas Aconot"},"content":{"rendered":"","protected":false},"excerpt":{"rendered":"<p>Libreta A5 con tapa r\u00edgida de PU de tacto suave. 96 hojas rayadas. Banda el\u00e1stica y marca p\u00e1ginas.<\/p>\n","protected":false},"featured_media":62154,"template":"","meta":{"_acf_changed":false},"product_brand":[],"product_cat":[934,247,33],"product_tag":[],"class_list":{"0":"post-35588","1":"product","2":"type-product","3":"status-publish","4":"has-post-thumbnail","6":"product_cat-libretas-a5","7":"product_cat-libretas-personalizadas","8":"product_cat-oficina","10":"first","11":"instock","12":"taxable","13":"shipping-taxable","14":"purchasable","15":"product-type-variable"},"acf":[],"_links":{"self":[{"href":"https:\/\/rubi5.com\/staging\/wp-json\/wp\/v2\/product\/35588","targetHints":{"allow":["GET"]}}],"collection":[{"href":"https:\/\/rubi5.com\/staging\/wp-json\/wp\/v2\/product"}],"about":[{"href":"https:\/\/rubi5.com\/staging\/wp-json\/wp\/v2\/types\/product"}],"version-history":[{"count":3,"href":"https:\/\/rubi5.com\/staging\/wp-json\/wp\/v2\/product\/35588\/revisions"}],"predecessor-version":[{"id":63117,"href":"https:\/\/rubi5.com\/staging\/wp-json\/wp\/v2\/product\/35588\/revisions\/63117"}],"wp:featuredmedia":[{"embeddable":true,"href":"https:\/\/rubi5.com\/staging\/wp-json\/wp\/v2\/media\/62154"}],"wp:attachment":[{"href":"https:\/\/rubi5.com\/staging\/wp-json\/wp\/v2\/media?parent=35588"}],"wp:term":[{"taxonomy":"product_brand","embeddable":true,"href":"https:\/\/rubi5.com\/staging\/wp-json\/wp\/v2\/product_brand?post=35588"},{"taxonomy":"product_cat","embeddable":true,"href":"https:\/\/rubi5.com\/staging\/wp-json\/wp\/v2\/product_cat?post=35588"},{"taxonomy":"product_tag","embeddable":true,"href":"https:\/\/rubi5.com\/staging\/wp-json\/wp\/v2\/product_tag?post=35588"}],"curies":[{"name":"wp","href":"https:\/\/api.w.org\/{rel}","templated":true}]}}