{"id":35663,"date":"2023-01-12T14:16:39","date_gmt":"2023-01-12T12:16:39","guid":{"rendered":"https:\/\/rubi5.com\/?post_type=product&#038;p=35663"},"modified":"2025-01-23T12:34:24","modified_gmt":"2025-01-23T10:34:24","slug":"bolsa-algodon-arcoiris-borealis","status":"publish","type":"product","link":"https:\/\/rubi5.com\/staging\/bolsa-algodon-arcoiris-borealis\/","title":{"rendered":"Bolsa algod\u00f3n arcoiris Borealis"},"content":{"rendered":"","protected":false},"excerpt":{"rendered":"<p>Bolsa pride con un dise\u00f1o de arco\u00edris. Una bolsa de la compra con asas largas de algod\u00f3n 200 gr\/m\u00b2.<\/p>\n<p><strong>Medidas: 38 x 42 cm\u00a0<\/strong><\/p>\n<p>Ideal para llevar esta bolsa el mes del Orgullo, pero tambi\u00e9n para llevarla cualquier d\u00eda, con todos tus imprescindibles dentro.<\/p>\n<p>Aprovecha para regalar esta bolsa con el logo de tu empresa. Porque una bolsa de tela es la mejor opci\u00f3n para regalar en verano. Para la piscina, para la playa, o para dar un paseo. Podr\u00e1s guardar tus cosas dentro de esta bolsa personalizada, de colores tan vivos y veraniegos.<\/p>\n","protected":false},"featured_media":57977,"template":"","meta":{"_acf_changed":false},"product_brand":[],"product_cat":[219,196,21],"product_tag":[],"class_list":{"0":"post-35663","1":"product","2":"type-product","3":"status-publish","4":"has-post-thumbnail","6":"product_cat-bolsas-de-tela","7":"product_cat-bolsas-personalizadas","8":"product_cat-bolsas-y-mochilas","10":"first","11":"instock","12":"taxable","13":"shipping-taxable","14":"purchasable","15":"product-type-variable"},"acf":[],"_links":{"self":[{"href":"https:\/\/rubi5.com\/staging\/wp-json\/wp\/v2\/product\/35663","targetHints":{"allow":["GET"]}}],"collection":[{"href":"https:\/\/rubi5.com\/staging\/wp-json\/wp\/v2\/product"}],"about":[{"href":"https:\/\/rubi5.com\/staging\/wp-json\/wp\/v2\/types\/product"}],"version-history":[{"count":8,"href":"https:\/\/rubi5.com\/staging\/wp-json\/wp\/v2\/product\/35663\/revisions"}],"predecessor-version":[{"id":61250,"href":"https:\/\/rubi5.com\/staging\/wp-json\/wp\/v2\/product\/35663\/revisions\/61250"}],"wp:featuredmedia":[{"embeddable":true,"href":"https:\/\/rubi5.com\/staging\/wp-json\/wp\/v2\/media\/57977"}],"wp:attachment":[{"href":"https:\/\/rubi5.com\/staging\/wp-json\/wp\/v2\/media?parent=35663"}],"wp:term":[{"taxonomy":"product_brand","embeddable":true,"href":"https:\/\/rubi5.com\/staging\/wp-json\/wp\/v2\/product_brand?post=35663"},{"taxonomy":"product_cat","embeddable":true,"href":"https:\/\/rubi5.com\/staging\/wp-json\/wp\/v2\/product_cat?post=35663"},{"taxonomy":"product_tag","embeddable":true,"href":"https:\/\/rubi5.com\/staging\/wp-json\/wp\/v2\/product_tag?post=35663"}],"curies":[{"name":"wp","href":"https:\/\/api.w.org\/{rel}","templated":true}]}}