{"id":35700,"date":"2023-01-12T14:17:24","date_gmt":"2023-01-12T12:17:24","guid":{"rendered":"https:\/\/rubi5.com\/?post_type=product&#038;p=35700"},"modified":"2025-01-23T13:49:24","modified_gmt":"2025-01-23T11:49:24","slug":"paraguas-arcoiris-bowbrella","status":"publish","type":"product","link":"https:\/\/rubi5.com\/staging\/paraguas-arcoiris-bowbrella\/","title":{"rendered":"Paraguas arcoiris Bowbrella"},"content":{"rendered":"","protected":false},"excerpt":{"rendered":"<p>Paraguas promocional rainbow con 16 paneles multicolor y apertura autom\u00e1tica. De material Pongee 190T con mango de madera, varillas de fibra de vidrio, puntas y parte superior de metal chapado en negro.<\/p>\n<p>Un paraguas de tama\u00f1o grande, con un dise\u00f1o original, ser\u00eda el obsequio perfecto con el logo de tu empresa o con un eslogan que llame la atenci\u00f3n. Este paraguas personalizado ser\u00eda ideal para llevar el d\u00eda del Orgullo, o para cualquier d\u00eda del a\u00f1o. \u00a1T\u00fa eliges el momento!<\/p>\n","protected":false},"featured_media":62916,"template":"","meta":{"_acf_changed":false},"product_brand":[],"product_cat":[726,977,729],"product_tag":[],"class_list":{"0":"post-35700","1":"product","2":"type-product","3":"status-publish","4":"has-post-thumbnail","6":"product_cat-accesorios-y-regalos","7":"product_cat-paraguas-grandes","8":"product_cat-paraguas-personalizados","10":"first","11":"instock","12":"taxable","13":"shipping-taxable","14":"purchasable","15":"product-type-simple"},"acf":[],"_links":{"self":[{"href":"https:\/\/rubi5.com\/staging\/wp-json\/wp\/v2\/product\/35700","targetHints":{"allow":["GET"]}}],"collection":[{"href":"https:\/\/rubi5.com\/staging\/wp-json\/wp\/v2\/product"}],"about":[{"href":"https:\/\/rubi5.com\/staging\/wp-json\/wp\/v2\/types\/product"}],"version-history":[{"count":5,"href":"https:\/\/rubi5.com\/staging\/wp-json\/wp\/v2\/product\/35700\/revisions"}],"predecessor-version":[{"id":67202,"href":"https:\/\/rubi5.com\/staging\/wp-json\/wp\/v2\/product\/35700\/revisions\/67202"}],"wp:featuredmedia":[{"embeddable":true,"href":"https:\/\/rubi5.com\/staging\/wp-json\/wp\/v2\/media\/62916"}],"wp:attachment":[{"href":"https:\/\/rubi5.com\/staging\/wp-json\/wp\/v2\/media?parent=35700"}],"wp:term":[{"taxonomy":"product_brand","embeddable":true,"href":"https:\/\/rubi5.com\/staging\/wp-json\/wp\/v2\/product_brand?post=35700"},{"taxonomy":"product_cat","embeddable":true,"href":"https:\/\/rubi5.com\/staging\/wp-json\/wp\/v2\/product_cat?post=35700"},{"taxonomy":"product_tag","embeddable":true,"href":"https:\/\/rubi5.com\/staging\/wp-json\/wp\/v2\/product_tag?post=35700"}],"curies":[{"name":"wp","href":"https:\/\/api.w.org\/{rel}","templated":true}]}}