{"id":35735,"date":"2023-01-12T14:18:10","date_gmt":"2023-01-12T12:18:10","guid":{"rendered":"https:\/\/rubi5.com\/?post_type=product&#038;p=35735"},"modified":"2025-01-16T14:47:52","modified_gmt":"2025-01-16T12:47:52","slug":"botella-tenere","status":"publish","type":"product","link":"https:\/\/rubi5.com\/staging\/botella-tenere\/","title":{"rendered":"Botella con mosquet\u00f3n Tenere 750ml"},"content":{"rendered":"","protected":false},"excerpt":{"rendered":"<p>Botella de acero inoxidable bicolor de pared simple con empu\u00f1adura de goma y mosquet\u00f3n. Capacidad: 750 ml. El mosquet\u00f3n no es para escalar (uso no profesional). Anti fugas.<\/p>\n","protected":false},"featured_media":57789,"template":"","meta":{"_acf_changed":false},"product_brand":[],"product_cat":[234,233,30],"product_tag":[],"class_list":{"0":"post-35735","1":"product","2":"type-product","3":"status-publish","4":"has-post-thumbnail","6":"product_cat-botellas-reutilizables","7":"product_cat-botellas-personalizadas","8":"product_cat-tazas-y-botellas","10":"first","11":"instock","12":"taxable","13":"shipping-taxable","14":"purchasable","15":"product-type-variable"},"acf":[],"_links":{"self":[{"href":"https:\/\/rubi5.com\/staging\/wp-json\/wp\/v2\/product\/35735","targetHints":{"allow":["GET"]}}],"collection":[{"href":"https:\/\/rubi5.com\/staging\/wp-json\/wp\/v2\/product"}],"about":[{"href":"https:\/\/rubi5.com\/staging\/wp-json\/wp\/v2\/types\/product"}],"version-history":[{"count":2,"href":"https:\/\/rubi5.com\/staging\/wp-json\/wp\/v2\/product\/35735\/revisions"}],"predecessor-version":[{"id":36423,"href":"https:\/\/rubi5.com\/staging\/wp-json\/wp\/v2\/product\/35735\/revisions\/36423"}],"wp:featuredmedia":[{"embeddable":true,"href":"https:\/\/rubi5.com\/staging\/wp-json\/wp\/v2\/media\/57789"}],"wp:attachment":[{"href":"https:\/\/rubi5.com\/staging\/wp-json\/wp\/v2\/media?parent=35735"}],"wp:term":[{"taxonomy":"product_brand","embeddable":true,"href":"https:\/\/rubi5.com\/staging\/wp-json\/wp\/v2\/product_brand?post=35735"},{"taxonomy":"product_cat","embeddable":true,"href":"https:\/\/rubi5.com\/staging\/wp-json\/wp\/v2\/product_cat?post=35735"},{"taxonomy":"product_tag","embeddable":true,"href":"https:\/\/rubi5.com\/staging\/wp-json\/wp\/v2\/product_tag?post=35735"}],"curies":[{"name":"wp","href":"https:\/\/api.w.org\/{rel}","templated":true}]}}