{"id":35754,"date":"2023-01-12T14:18:36","date_gmt":"2023-01-12T12:18:36","guid":{"rendered":"https:\/\/rubi5.com\/?post_type=product&#038;p=35754"},"modified":"2025-02-26T15:14:14","modified_gmt":"2025-02-26T13:14:14","slug":"chaleco-reflectante-ninos","status":"publish","type":"product","link":"https:\/\/rubi5.com\/staging\/chaleco-reflectante-ninos\/","title":{"rendered":"Chaleco reflectante ni\u00f1os"},"content":{"rendered":"","protected":false},"excerpt":{"rendered":"<p>Chaleco seguridad para ni\u00f1os, con bandas reflectantes de alta visibilidad. 100% poli\u00e9ster. EN17353. Medidas: 45x40cm.<\/p>\n","protected":false},"featured_media":35802,"template":"","meta":{"_acf_changed":false},"product_brand":[],"product_cat":[391,392,29],"product_tag":[],"class_list":{"0":"post-35754","1":"product","2":"type-product","3":"status-publish","4":"has-post-thumbnail","6":"product_cat-ropa-laboral","7":"product_cat-ropa-laboral-de-alta-visibilidad","8":"product_cat-textil","10":"first","11":"instock","12":"taxable","13":"shipping-taxable","14":"product-type-external"},"acf":[],"_links":{"self":[{"href":"https:\/\/rubi5.com\/staging\/wp-json\/wp\/v2\/product\/35754","targetHints":{"allow":["GET"]}}],"collection":[{"href":"https:\/\/rubi5.com\/staging\/wp-json\/wp\/v2\/product"}],"about":[{"href":"https:\/\/rubi5.com\/staging\/wp-json\/wp\/v2\/types\/product"}],"version-history":[{"count":4,"href":"https:\/\/rubi5.com\/staging\/wp-json\/wp\/v2\/product\/35754\/revisions"}],"predecessor-version":[{"id":65050,"href":"https:\/\/rubi5.com\/staging\/wp-json\/wp\/v2\/product\/35754\/revisions\/65050"}],"wp:featuredmedia":[{"embeddable":true,"href":"https:\/\/rubi5.com\/staging\/wp-json\/wp\/v2\/media\/35802"}],"wp:attachment":[{"href":"https:\/\/rubi5.com\/staging\/wp-json\/wp\/v2\/media?parent=35754"}],"wp:term":[{"taxonomy":"product_brand","embeddable":true,"href":"https:\/\/rubi5.com\/staging\/wp-json\/wp\/v2\/product_brand?post=35754"},{"taxonomy":"product_cat","embeddable":true,"href":"https:\/\/rubi5.com\/staging\/wp-json\/wp\/v2\/product_cat?post=35754"},{"taxonomy":"product_tag","embeddable":true,"href":"https:\/\/rubi5.com\/staging\/wp-json\/wp\/v2\/product_tag?post=35754"}],"curies":[{"name":"wp","href":"https:\/\/api.w.org\/{rel}","templated":true}]}}