{"id":35755,"date":"2023-01-12T14:18:36","date_gmt":"2023-01-12T12:18:36","guid":{"rendered":"https:\/\/rubi5.com\/?post_type=product&#038;p=35755"},"modified":"2025-01-23T13:34:52","modified_gmt":"2025-01-23T11:34:52","slug":"bloc-notas-memokit","status":"publish","type":"product","link":"https:\/\/rubi5.com\/staging\/bloc-notas-memokit\/","title":{"rendered":"Bloc notas con adhesivos Memokit"},"content":{"rendered":"","protected":false},"excerpt":{"rendered":"<p>Pr\u00e1ctico estuche de cart\u00f3n que incluye tiras autoadhesivas en colores ne\u00f3n, notas adhesivas amarillas y bloc de 100 hojas de notas en blanco.<\/p>\n","protected":false},"featured_media":35804,"template":"","meta":{"_acf_changed":false},"product_brand":[],"product_cat":[248,247,33],"product_tag":[],"class_list":{"0":"post-35755","1":"product","2":"type-product","3":"status-publish","4":"has-post-thumbnail","6":"product_cat-blocs-de-notas-personalizados","7":"product_cat-libretas-personalizadas","8":"product_cat-oficina","10":"first","11":"instock","12":"taxable","13":"shipping-taxable","14":"purchasable","15":"product-type-simple"},"acf":[],"_links":{"self":[{"href":"https:\/\/rubi5.com\/staging\/wp-json\/wp\/v2\/product\/35755","targetHints":{"allow":["GET"]}}],"collection":[{"href":"https:\/\/rubi5.com\/staging\/wp-json\/wp\/v2\/product"}],"about":[{"href":"https:\/\/rubi5.com\/staging\/wp-json\/wp\/v2\/types\/product"}],"version-history":[{"count":2,"href":"https:\/\/rubi5.com\/staging\/wp-json\/wp\/v2\/product\/35755\/revisions"}],"predecessor-version":[{"id":36439,"href":"https:\/\/rubi5.com\/staging\/wp-json\/wp\/v2\/product\/35755\/revisions\/36439"}],"wp:featuredmedia":[{"embeddable":true,"href":"https:\/\/rubi5.com\/staging\/wp-json\/wp\/v2\/media\/35804"}],"wp:attachment":[{"href":"https:\/\/rubi5.com\/staging\/wp-json\/wp\/v2\/media?parent=35755"}],"wp:term":[{"taxonomy":"product_brand","embeddable":true,"href":"https:\/\/rubi5.com\/staging\/wp-json\/wp\/v2\/product_brand?post=35755"},{"taxonomy":"product_cat","embeddable":true,"href":"https:\/\/rubi5.com\/staging\/wp-json\/wp\/v2\/product_cat?post=35755"},{"taxonomy":"product_tag","embeddable":true,"href":"https:\/\/rubi5.com\/staging\/wp-json\/wp\/v2\/product_tag?post=35755"}],"curies":[{"name":"wp","href":"https:\/\/api.w.org\/{rel}","templated":true}]}}