{"id":35809,"date":"2023-01-12T14:19:47","date_gmt":"2023-01-12T12:19:47","guid":{"rendered":"https:\/\/rubi5.com\/?post_type=product&#038;p=35809"},"modified":"2025-01-23T12:46:02","modified_gmt":"2025-01-23T10:46:02","slug":"mochila-portatil-berlin","status":"publish","type":"product","link":"https:\/\/rubi5.com\/staging\/mochila-portatil-berlin\/","title":{"rendered":"Mochila port\u00e1til con conector USB Berlin 13&#8243;"},"content":{"rendered":"","protected":false},"excerpt":{"rendered":"<p>Mochila jaspeada en poli\u00e9ster 600D con correas acolchadas. Incluye compartimento interno para port\u00e1til de 13&#8221; y conector de carga USB. Cremallera de compartimento principal en parte interna para una mayor protecci\u00f3n.<\/p>\n","protected":false},"featured_media":62851,"template":"","meta":{"_acf_changed":false},"product_brand":[],"product_cat":[21,224,220],"product_tag":[],"class_list":{"0":"post-35809","1":"product","2":"type-product","3":"status-publish","4":"has-post-thumbnail","6":"product_cat-bolsas-y-mochilas","7":"product_cat-mochilas-para-portatil","8":"product_cat-mochilas-personalizadas","10":"first","11":"instock","12":"taxable","13":"shipping-taxable","14":"purchasable","15":"product-type-variable"},"acf":[],"_links":{"self":[{"href":"https:\/\/rubi5.com\/staging\/wp-json\/wp\/v2\/product\/35809","targetHints":{"allow":["GET"]}}],"collection":[{"href":"https:\/\/rubi5.com\/staging\/wp-json\/wp\/v2\/product"}],"about":[{"href":"https:\/\/rubi5.com\/staging\/wp-json\/wp\/v2\/types\/product"}],"version-history":[{"count":2,"href":"https:\/\/rubi5.com\/staging\/wp-json\/wp\/v2\/product\/35809\/revisions"}],"predecessor-version":[{"id":36516,"href":"https:\/\/rubi5.com\/staging\/wp-json\/wp\/v2\/product\/35809\/revisions\/36516"}],"wp:featuredmedia":[{"embeddable":true,"href":"https:\/\/rubi5.com\/staging\/wp-json\/wp\/v2\/media\/62851"}],"wp:attachment":[{"href":"https:\/\/rubi5.com\/staging\/wp-json\/wp\/v2\/media?parent=35809"}],"wp:term":[{"taxonomy":"product_brand","embeddable":true,"href":"https:\/\/rubi5.com\/staging\/wp-json\/wp\/v2\/product_brand?post=35809"},{"taxonomy":"product_cat","embeddable":true,"href":"https:\/\/rubi5.com\/staging\/wp-json\/wp\/v2\/product_cat?post=35809"},{"taxonomy":"product_tag","embeddable":true,"href":"https:\/\/rubi5.com\/staging\/wp-json\/wp\/v2\/product_tag?post=35809"}],"curies":[{"name":"wp","href":"https:\/\/api.w.org\/{rel}","templated":true}]}}