{"id":35849,"date":"2023-01-12T14:20:35","date_gmt":"2023-01-12T12:20:35","guid":{"rendered":"https:\/\/rubi5.com\/?post_type=product&#038;p=35849"},"modified":"2024-10-28T13:57:59","modified_gmt":"2024-10-28T11:57:59","slug":"boligrafo-corcho-montado","status":"publish","type":"product","link":"https:\/\/rubi5.com\/staging\/boligrafo-corcho-montado\/","title":{"rendered":"Bol\u00edgrafo corcho Montado"},"content":{"rendered":"","protected":false},"excerpt":{"rendered":"<p>Bol\u00edgrafo de pulsador con cuerpo de corcho. Punta y clip a juego fabricados a base de paja ecol\u00f3gica (50\u00a0%) y pl\u00e1stico ABS (50\u00a0%). Tinta azul. El corcho es un material natural, debido a su naturaleza estructural y porosidad superficial, el resultado final de la impresi\u00f3n por art\u00edculo puede tener desviaciones.<\/p>\n","protected":false},"featured_media":62203,"template":"","meta":{"_acf_changed":false},"product_brand":[],"product_cat":[320,317,43],"product_tag":[],"class_list":{"0":"post-35849","1":"product","2":"type-product","3":"status-publish","4":"has-post-thumbnail","6":"product_cat-boligrafos-ecologicos","7":"product_cat-boligrafos-personalizados","8":"product_cat-escritura","10":"first","11":"instock","12":"taxable","13":"shipping-taxable","14":"purchasable","15":"product-type-variable"},"acf":[],"_links":{"self":[{"href":"https:\/\/rubi5.com\/staging\/wp-json\/wp\/v2\/product\/35849","targetHints":{"allow":["GET"]}}],"collection":[{"href":"https:\/\/rubi5.com\/staging\/wp-json\/wp\/v2\/product"}],"about":[{"href":"https:\/\/rubi5.com\/staging\/wp-json\/wp\/v2\/types\/product"}],"version-history":[{"count":3,"href":"https:\/\/rubi5.com\/staging\/wp-json\/wp\/v2\/product\/35849\/revisions"}],"predecessor-version":[{"id":61256,"href":"https:\/\/rubi5.com\/staging\/wp-json\/wp\/v2\/product\/35849\/revisions\/61256"}],"wp:featuredmedia":[{"embeddable":true,"href":"https:\/\/rubi5.com\/staging\/wp-json\/wp\/v2\/media\/62203"}],"wp:attachment":[{"href":"https:\/\/rubi5.com\/staging\/wp-json\/wp\/v2\/media?parent=35849"}],"wp:term":[{"taxonomy":"product_brand","embeddable":true,"href":"https:\/\/rubi5.com\/staging\/wp-json\/wp\/v2\/product_brand?post=35849"},{"taxonomy":"product_cat","embeddable":true,"href":"https:\/\/rubi5.com\/staging\/wp-json\/wp\/v2\/product_cat?post=35849"},{"taxonomy":"product_tag","embeddable":true,"href":"https:\/\/rubi5.com\/staging\/wp-json\/wp\/v2\/product_tag?post=35849"}],"curies":[{"name":"wp","href":"https:\/\/api.w.org\/{rel}","templated":true}]}}