{"id":35871,"date":"2023-01-12T14:20:57","date_gmt":"2023-01-12T12:20:57","guid":{"rendered":"https:\/\/rubi5.com\/?post_type=product&#038;p=35871"},"modified":"2024-02-07T09:44:54","modified_gmt":"2024-02-07T07:44:54","slug":"gorra-beisbol-dunedin","status":"publish","type":"product","link":"https:\/\/rubi5.com\/staging\/gorra-beisbol-dunedin\/","title":{"rendered":"Gorra b\u00e9isbol con hebilla Dunedin"},"content":{"rendered":"","protected":false},"excerpt":{"rendered":"<p>Gorra de b\u00e9isbol de algod\u00f3n 270 gr\/m2 grueso peinado de 6 paneles con cierre ajustable de hebilla metal. Visera s\u00e1ndwich. Medida 7 1\/4.<\/p>\n","protected":false},"featured_media":35918,"template":"","meta":{"_acf_changed":false},"product_brand":[],"product_cat":[737,740,29],"product_tag":[],"class_list":{"0":"post-35871","1":"product","2":"type-product","3":"status-publish","4":"has-post-thumbnail","6":"product_cat-complementos-personalizados","7":"product_cat-gorras-personalizadas","8":"product_cat-textil","10":"first","11":"instock","12":"taxable","13":"shipping-taxable","14":"purchasable","15":"product-type-variable"},"acf":[],"_links":{"self":[{"href":"https:\/\/rubi5.com\/staging\/wp-json\/wp\/v2\/product\/35871","targetHints":{"allow":["GET"]}}],"collection":[{"href":"https:\/\/rubi5.com\/staging\/wp-json\/wp\/v2\/product"}],"about":[{"href":"https:\/\/rubi5.com\/staging\/wp-json\/wp\/v2\/types\/product"}],"version-history":[{"count":2,"href":"https:\/\/rubi5.com\/staging\/wp-json\/wp\/v2\/product\/35871\/revisions"}],"predecessor-version":[{"id":36911,"href":"https:\/\/rubi5.com\/staging\/wp-json\/wp\/v2\/product\/35871\/revisions\/36911"}],"wp:featuredmedia":[{"embeddable":true,"href":"https:\/\/rubi5.com\/staging\/wp-json\/wp\/v2\/media\/35918"}],"wp:attachment":[{"href":"https:\/\/rubi5.com\/staging\/wp-json\/wp\/v2\/media?parent=35871"}],"wp:term":[{"taxonomy":"product_brand","embeddable":true,"href":"https:\/\/rubi5.com\/staging\/wp-json\/wp\/v2\/product_brand?post=35871"},{"taxonomy":"product_cat","embeddable":true,"href":"https:\/\/rubi5.com\/staging\/wp-json\/wp\/v2\/product_cat?post=35871"},{"taxonomy":"product_tag","embeddable":true,"href":"https:\/\/rubi5.com\/staging\/wp-json\/wp\/v2\/product_tag?post=35871"}],"curies":[{"name":"wp","href":"https:\/\/api.w.org\/{rel}","templated":true}]}}