{"id":35884,"date":"2023-01-12T14:21:20","date_gmt":"2023-01-12T12:21:20","guid":{"rendered":"https:\/\/rubi5.com\/?post_type=product&#038;p=35884"},"modified":"2025-01-23T13:42:49","modified_gmt":"2025-01-23T11:42:49","slug":"set-boligrafo-quercus","status":"publish","type":"product","link":"https:\/\/rubi5.com\/staging\/set-boligrafo-quercus\/","title":{"rendered":"Set bol\u00edgrafo y roller corcho Quercus"},"content":{"rendered":"","protected":false},"excerpt":{"rendered":"<p>Set de bol\u00edgrafo giratorio y roller de metal (tap\u00f3n) con cuerpo de corcho. Presentado en caja de corcho a juego. Tinta azul y negra respectivamente. El corcho es un material natural, debido a su naturaleza estructural y porosidad superficial, el resultado final de la impresi\u00f3n por art\u00edculo puede tener desviaciones.<\/p>\n","protected":false},"featured_media":62893,"template":"","meta":{"_acf_changed":false},"product_brand":[],"product_cat":[317,43,322],"product_tag":[],"class_list":{"0":"post-35884","1":"product","2":"type-product","3":"status-publish","4":"has-post-thumbnail","6":"product_cat-boligrafos-personalizados","7":"product_cat-escritura","8":"product_cat-sets-de-escritura","10":"first","11":"instock","12":"taxable","13":"shipping-taxable","14":"purchasable","15":"product-type-simple"},"acf":[],"_links":{"self":[{"href":"https:\/\/rubi5.com\/staging\/wp-json\/wp\/v2\/product\/35884","targetHints":{"allow":["GET"]}}],"collection":[{"href":"https:\/\/rubi5.com\/staging\/wp-json\/wp\/v2\/product"}],"about":[{"href":"https:\/\/rubi5.com\/staging\/wp-json\/wp\/v2\/types\/product"}],"version-history":[{"count":3,"href":"https:\/\/rubi5.com\/staging\/wp-json\/wp\/v2\/product\/35884\/revisions"}],"predecessor-version":[{"id":64639,"href":"https:\/\/rubi5.com\/staging\/wp-json\/wp\/v2\/product\/35884\/revisions\/64639"}],"wp:featuredmedia":[{"embeddable":true,"href":"https:\/\/rubi5.com\/staging\/wp-json\/wp\/v2\/media\/62893"}],"wp:attachment":[{"href":"https:\/\/rubi5.com\/staging\/wp-json\/wp\/v2\/media?parent=35884"}],"wp:term":[{"taxonomy":"product_brand","embeddable":true,"href":"https:\/\/rubi5.com\/staging\/wp-json\/wp\/v2\/product_brand?post=35884"},{"taxonomy":"product_cat","embeddable":true,"href":"https:\/\/rubi5.com\/staging\/wp-json\/wp\/v2\/product_cat?post=35884"},{"taxonomy":"product_tag","embeddable":true,"href":"https:\/\/rubi5.com\/staging\/wp-json\/wp\/v2\/product_tag?post=35884"}],"curies":[{"name":"wp","href":"https:\/\/api.w.org\/{rel}","templated":true}]}}