{"id":35890,"date":"2023-01-12T14:21:21","date_gmt":"2023-01-12T12:21:21","guid":{"rendered":"https:\/\/rubi5.com\/?post_type=product&#038;p=35890"},"modified":"2025-01-23T13:41:52","modified_gmt":"2025-01-23T11:41:52","slug":"boligrafo-pulsador-cartoon","status":"publish","type":"product","link":"https:\/\/rubi5.com\/staging\/boligrafo-pulsador-cartoon\/","title":{"rendered":"Bol\u00edgrafo pulsador de papel Cartoon"},"content":{"rendered":"","protected":false},"excerpt":{"rendered":"<p>Bol\u00edgrafo de pulsador con cuerpo de papel. Clip y punta hechas de 100% de almid\u00f3n de ma\u00edz PLA. Tinta azul.<\/p>\n","protected":false},"featured_media":62212,"template":"","meta":{"_acf_changed":false},"product_brand":[],"product_cat":[320,317,43],"product_tag":[],"class_list":{"0":"post-35890","1":"product","2":"type-product","3":"status-publish","4":"has-post-thumbnail","6":"product_cat-boligrafos-ecologicos","7":"product_cat-boligrafos-personalizados","8":"product_cat-escritura","10":"first","11":"instock","12":"taxable","13":"shipping-taxable","14":"purchasable","15":"product-type-variable"},"acf":[],"_links":{"self":[{"href":"https:\/\/rubi5.com\/staging\/wp-json\/wp\/v2\/product\/35890","targetHints":{"allow":["GET"]}}],"collection":[{"href":"https:\/\/rubi5.com\/staging\/wp-json\/wp\/v2\/product"}],"about":[{"href":"https:\/\/rubi5.com\/staging\/wp-json\/wp\/v2\/types\/product"}],"version-history":[{"count":2,"href":"https:\/\/rubi5.com\/staging\/wp-json\/wp\/v2\/product\/35890\/revisions"}],"predecessor-version":[{"id":36915,"href":"https:\/\/rubi5.com\/staging\/wp-json\/wp\/v2\/product\/35890\/revisions\/36915"}],"wp:featuredmedia":[{"embeddable":true,"href":"https:\/\/rubi5.com\/staging\/wp-json\/wp\/v2\/media\/62212"}],"wp:attachment":[{"href":"https:\/\/rubi5.com\/staging\/wp-json\/wp\/v2\/media?parent=35890"}],"wp:term":[{"taxonomy":"product_brand","embeddable":true,"href":"https:\/\/rubi5.com\/staging\/wp-json\/wp\/v2\/product_brand?post=35890"},{"taxonomy":"product_cat","embeddable":true,"href":"https:\/\/rubi5.com\/staging\/wp-json\/wp\/v2\/product_cat?post=35890"},{"taxonomy":"product_tag","embeddable":true,"href":"https:\/\/rubi5.com\/staging\/wp-json\/wp\/v2\/product_tag?post=35890"}],"curies":[{"name":"wp","href":"https:\/\/api.w.org\/{rel}","templated":true}]}}