{"id":35959,"date":"2023-01-12T14:22:50","date_gmt":"2023-01-12T12:22:50","guid":{"rendered":"https:\/\/rubi5.com\/?post_type=product&#038;p=35959"},"modified":"2025-01-23T13:55:03","modified_gmt":"2025-01-23T11:55:03","slug":"fiambrera-tapa-bambu-lunchbox","status":"publish","type":"product","link":"https:\/\/rubi5.com\/staging\/fiambrera-tapa-bambu-lunchbox\/","title":{"rendered":"Fiambrera tapa bamb\u00fa Lunchbox"},"content":{"rendered":"","protected":false},"excerpt":{"rendered":"<p>Fiambrera en vidrio con tapa de bamb\u00fa y banda de silicona. Capacidad 900 ml. El bamb\u00fa es un producto natural, puede haber ligeras variaciones en el color y el tama\u00f1o por art\u00edculo, lo que puede afectar el resultado final de la impresi\u00f3n.<\/p>\n","protected":false},"featured_media":62953,"template":"","meta":{"_acf_changed":false},"product_brand":[],"product_cat":[371,199,928],"product_tag":[],"class_list":{"0":"post-35959","1":"product","2":"type-product","3":"status-publish","4":"has-post-thumbnail","6":"product_cat-fiambreras-personalizadas","7":"product_cat-hogar","8":"product_cat-regalos-de-cocina","10":"first","11":"instock","12":"taxable","13":"shipping-taxable","14":"purchasable","15":"product-type-variable"},"acf":[],"_links":{"self":[{"href":"https:\/\/rubi5.com\/staging\/wp-json\/wp\/v2\/product\/35959","targetHints":{"allow":["GET"]}}],"collection":[{"href":"https:\/\/rubi5.com\/staging\/wp-json\/wp\/v2\/product"}],"about":[{"href":"https:\/\/rubi5.com\/staging\/wp-json\/wp\/v2\/types\/product"}],"version-history":[{"count":2,"href":"https:\/\/rubi5.com\/staging\/wp-json\/wp\/v2\/product\/35959\/revisions"}],"predecessor-version":[{"id":36919,"href":"https:\/\/rubi5.com\/staging\/wp-json\/wp\/v2\/product\/35959\/revisions\/36919"}],"wp:featuredmedia":[{"embeddable":true,"href":"https:\/\/rubi5.com\/staging\/wp-json\/wp\/v2\/media\/62953"}],"wp:attachment":[{"href":"https:\/\/rubi5.com\/staging\/wp-json\/wp\/v2\/media?parent=35959"}],"wp:term":[{"taxonomy":"product_brand","embeddable":true,"href":"https:\/\/rubi5.com\/staging\/wp-json\/wp\/v2\/product_brand?post=35959"},{"taxonomy":"product_cat","embeddable":true,"href":"https:\/\/rubi5.com\/staging\/wp-json\/wp\/v2\/product_cat?post=35959"},{"taxonomy":"product_tag","embeddable":true,"href":"https:\/\/rubi5.com\/staging\/wp-json\/wp\/v2\/product_tag?post=35959"}],"curies":[{"name":"wp","href":"https:\/\/api.w.org\/{rel}","templated":true}]}}