{"id":37553,"date":"2023-01-18T10:53:49","date_gmt":"2023-01-18T08:53:49","guid":{"rendered":"https:\/\/rubi5.com\/?post_type=product&#038;p=37553"},"modified":"2024-05-07T11:31:49","modified_gmt":"2024-05-07T09:31:49","slug":"bandera-de-la-union-europea-1x1-5","status":"publish","type":"product","link":"https:\/\/rubi5.com\/staging\/bandera-de-la-union-europea-1x1-5\/","title":{"rendered":"Bandera de la Uni\u00f3n Europea"},"content":{"rendered":"","protected":false},"excerpt":{"rendered":"<p>Bandera de la Uni\u00f3n Europea para exterior. Disponible en dos tama\u00f1os. Fabricada en Nylon de alta calidad.<\/p>\n<p>La bandera de la UE es perfecta para colocar en el exterior de organismos p\u00fablicos e instituciones.<\/p>\n","protected":false},"featured_media":54695,"template":"","meta":{"_acf_changed":false},"product_brand":[],"product_cat":[754,720,54],"product_tag":[],"class_list":{"0":"post-37553","1":"product","2":"type-product","3":"status-publish","4":"has-post-thumbnail","6":"product_cat-banderas-personalizadas","7":"product_cat-banderas-publicitarias","8":"product_cat-eventos","10":"first","11":"instock","12":"taxable","13":"shipping-taxable","14":"purchasable","15":"product-type-variable"},"acf":[],"_links":{"self":[{"href":"https:\/\/rubi5.com\/staging\/wp-json\/wp\/v2\/product\/37553","targetHints":{"allow":["GET"]}}],"collection":[{"href":"https:\/\/rubi5.com\/staging\/wp-json\/wp\/v2\/product"}],"about":[{"href":"https:\/\/rubi5.com\/staging\/wp-json\/wp\/v2\/types\/product"}],"version-history":[{"count":5,"href":"https:\/\/rubi5.com\/staging\/wp-json\/wp\/v2\/product\/37553\/revisions"}],"predecessor-version":[{"id":56433,"href":"https:\/\/rubi5.com\/staging\/wp-json\/wp\/v2\/product\/37553\/revisions\/56433"}],"wp:featuredmedia":[{"embeddable":true,"href":"https:\/\/rubi5.com\/staging\/wp-json\/wp\/v2\/media\/54695"}],"wp:attachment":[{"href":"https:\/\/rubi5.com\/staging\/wp-json\/wp\/v2\/media?parent=37553"}],"wp:term":[{"taxonomy":"product_brand","embeddable":true,"href":"https:\/\/rubi5.com\/staging\/wp-json\/wp\/v2\/product_brand?post=37553"},{"taxonomy":"product_cat","embeddable":true,"href":"https:\/\/rubi5.com\/staging\/wp-json\/wp\/v2\/product_cat?post=37553"},{"taxonomy":"product_tag","embeddable":true,"href":"https:\/\/rubi5.com\/staging\/wp-json\/wp\/v2\/product_tag?post=37553"}],"curies":[{"name":"wp","href":"https:\/\/api.w.org\/{rel}","templated":true}]}}