{"id":37555,"date":"2023-01-18T10:53:49","date_gmt":"2023-01-18T08:53:49","guid":{"rendered":"https:\/\/rubi5.com\/?post_type=product&#038;p=37555"},"modified":"2024-05-07T11:30:40","modified_gmt":"2024-05-07T09:30:40","slug":"bandera-castilla-y-leon","status":"publish","type":"product","link":"https:\/\/rubi5.com\/staging\/bandera-castilla-y-leon\/","title":{"rendered":"Bandera Castilla y Le\u00f3n"},"content":{"rendered":"","protected":false},"excerpt":{"rendered":"<p>Bandera de Castilla y Le\u00f3n para exterior fabricada en nylon de alta calidad.<\/p>\n<p>Elige el tama\u00f1o que mejor se adapte a tus necesidades, y si necesit\u00e1is m\u00e1stil, cons\u00faltanos.<\/p>\n<p>\u00bfEst\u00e1s buscando una bandera de otra Comunidad Aut\u00f3noma? Preg\u00fantanos.<\/p>\n","protected":false},"featured_media":54693,"template":"","meta":{"_acf_changed":false},"product_brand":[],"product_cat":[754,720,54],"product_tag":[],"class_list":{"0":"post-37555","1":"product","2":"type-product","3":"status-publish","4":"has-post-thumbnail","6":"product_cat-banderas-personalizadas","7":"product_cat-banderas-publicitarias","8":"product_cat-eventos","10":"first","11":"instock","12":"taxable","13":"shipping-taxable","14":"purchasable","15":"product-type-variable"},"acf":[],"_links":{"self":[{"href":"https:\/\/rubi5.com\/staging\/wp-json\/wp\/v2\/product\/37555","targetHints":{"allow":["GET"]}}],"collection":[{"href":"https:\/\/rubi5.com\/staging\/wp-json\/wp\/v2\/product"}],"about":[{"href":"https:\/\/rubi5.com\/staging\/wp-json\/wp\/v2\/types\/product"}],"version-history":[{"count":7,"href":"https:\/\/rubi5.com\/staging\/wp-json\/wp\/v2\/product\/37555\/revisions"}],"predecessor-version":[{"id":56432,"href":"https:\/\/rubi5.com\/staging\/wp-json\/wp\/v2\/product\/37555\/revisions\/56432"}],"wp:featuredmedia":[{"embeddable":true,"href":"https:\/\/rubi5.com\/staging\/wp-json\/wp\/v2\/media\/54693"}],"wp:attachment":[{"href":"https:\/\/rubi5.com\/staging\/wp-json\/wp\/v2\/media?parent=37555"}],"wp:term":[{"taxonomy":"product_brand","embeddable":true,"href":"https:\/\/rubi5.com\/staging\/wp-json\/wp\/v2\/product_brand?post=37555"},{"taxonomy":"product_cat","embeddable":true,"href":"https:\/\/rubi5.com\/staging\/wp-json\/wp\/v2\/product_cat?post=37555"},{"taxonomy":"product_tag","embeddable":true,"href":"https:\/\/rubi5.com\/staging\/wp-json\/wp\/v2\/product_tag?post=37555"}],"curies":[{"name":"wp","href":"https:\/\/api.w.org\/{rel}","templated":true}]}}