{"id":37556,"date":"2023-01-18T10:53:49","date_gmt":"2023-01-18T08:53:49","guid":{"rendered":"https:\/\/rubi5.com\/?post_type=product&#038;p=37556"},"modified":"2023-05-17T11:18:34","modified_gmt":"2023-05-17T09:18:34","slug":"banderin-deportivo-redondeado-15x22-5cm","status":"publish","type":"product","link":"https:\/\/rubi5.com\/staging\/banderin-deportivo-redondeado-15x22-5cm\/","title":{"rendered":"Bander\u00edn deportivo"},"content":{"rendered":"","protected":false},"excerpt":{"rendered":"<p>Bander\u00edn modelo deportivo redondeado grabado en sistema digital a una cara en raso blanco, con fliselina blanca en la parte trasera (sin impresi\u00f3n), goma espuma en el interior, fleco est\u00e1ndar en el exterior, varilla de pl\u00e1stico y cord\u00f3n.<\/p>\n","protected":false},"featured_media":37639,"template":"","meta":{"_acf_changed":false},"product_brand":[],"product_cat":[720,755,54],"product_tag":[],"class_list":{"0":"post-37556","1":"product","2":"type-product","3":"status-publish","4":"has-post-thumbnail","6":"product_cat-banderas-publicitarias","7":"product_cat-banderines-personalizados","8":"product_cat-eventos","10":"first","11":"instock","12":"taxable","13":"shipping-taxable","14":"product-type-external"},"acf":[],"_links":{"self":[{"href":"https:\/\/rubi5.com\/staging\/wp-json\/wp\/v2\/product\/37556","targetHints":{"allow":["GET"]}}],"collection":[{"href":"https:\/\/rubi5.com\/staging\/wp-json\/wp\/v2\/product"}],"about":[{"href":"https:\/\/rubi5.com\/staging\/wp-json\/wp\/v2\/types\/product"}],"version-history":[{"count":3,"href":"https:\/\/rubi5.com\/staging\/wp-json\/wp\/v2\/product\/37556\/revisions"}],"predecessor-version":[{"id":38620,"href":"https:\/\/rubi5.com\/staging\/wp-json\/wp\/v2\/product\/37556\/revisions\/38620"}],"wp:featuredmedia":[{"embeddable":true,"href":"https:\/\/rubi5.com\/staging\/wp-json\/wp\/v2\/media\/37639"}],"wp:attachment":[{"href":"https:\/\/rubi5.com\/staging\/wp-json\/wp\/v2\/media?parent=37556"}],"wp:term":[{"taxonomy":"product_brand","embeddable":true,"href":"https:\/\/rubi5.com\/staging\/wp-json\/wp\/v2\/product_brand?post=37556"},{"taxonomy":"product_cat","embeddable":true,"href":"https:\/\/rubi5.com\/staging\/wp-json\/wp\/v2\/product_cat?post=37556"},{"taxonomy":"product_tag","embeddable":true,"href":"https:\/\/rubi5.com\/staging\/wp-json\/wp\/v2\/product_tag?post=37556"}],"curies":[{"name":"wp","href":"https:\/\/api.w.org\/{rel}","templated":true}]}}