{"id":37588,"date":"2023-01-18T10:54:13","date_gmt":"2023-01-18T08:54:13","guid":{"rendered":"https:\/\/rubi5.com\/?post_type=product&#038;p=37588"},"modified":"2025-09-02T09:10:59","modified_gmt":"2025-09-02T07:10:59","slug":"roll-up-100x200cm","status":"publish","type":"product","link":"https:\/\/rubi5.com\/staging\/roll-up-100x200cm\/","title":{"rendered":"Roll up 100x200cm"},"content":{"rendered":"","protected":false},"excerpt":{"rendered":"<p>Especialmente dise\u00f1ado para marcaje a todo color. Con soportes de aluminio y gancho de sujeci\u00f3n. Presentaci\u00f3n enrollado en funda de tela.<\/p>\n","protected":false},"featured_media":54683,"template":"","meta":{"_acf_changed":false},"product_brand":[],"product_cat":[54,756,750],"product_tag":[],"class_list":{"0":"post-37588","1":"product","2":"type-product","3":"status-publish","4":"has-post-thumbnail","6":"product_cat-eventos","7":"product_cat-expositores-publicitarios","8":"product_cat-roll-ups-publicitarios","10":"first","11":"instock","12":"taxable","13":"shipping-taxable","14":"purchasable","15":"product-type-simple"},"acf":[],"_links":{"self":[{"href":"https:\/\/rubi5.com\/staging\/wp-json\/wp\/v2\/product\/37588","targetHints":{"allow":["GET"]}}],"collection":[{"href":"https:\/\/rubi5.com\/staging\/wp-json\/wp\/v2\/product"}],"about":[{"href":"https:\/\/rubi5.com\/staging\/wp-json\/wp\/v2\/types\/product"}],"version-history":[{"count":1,"href":"https:\/\/rubi5.com\/staging\/wp-json\/wp\/v2\/product\/37588\/revisions"}],"predecessor-version":[{"id":37609,"href":"https:\/\/rubi5.com\/staging\/wp-json\/wp\/v2\/product\/37588\/revisions\/37609"}],"wp:featuredmedia":[{"embeddable":true,"href":"https:\/\/rubi5.com\/staging\/wp-json\/wp\/v2\/media\/54683"}],"wp:attachment":[{"href":"https:\/\/rubi5.com\/staging\/wp-json\/wp\/v2\/media?parent=37588"}],"wp:term":[{"taxonomy":"product_brand","embeddable":true,"href":"https:\/\/rubi5.com\/staging\/wp-json\/wp\/v2\/product_brand?post=37588"},{"taxonomy":"product_cat","embeddable":true,"href":"https:\/\/rubi5.com\/staging\/wp-json\/wp\/v2\/product_cat?post=37588"},{"taxonomy":"product_tag","embeddable":true,"href":"https:\/\/rubi5.com\/staging\/wp-json\/wp\/v2\/product_tag?post=37588"}],"curies":[{"name":"wp","href":"https:\/\/api.w.org\/{rel}","templated":true}]}}