{"id":37732,"date":"2023-01-18T12:16:13","date_gmt":"2023-01-18T10:16:13","guid":{"rendered":"https:\/\/rubi5.com\/?post_type=product&#038;p=37732"},"modified":"2025-02-24T11:37:36","modified_gmt":"2025-02-24T09:37:36","slug":"chaqueta-softshell-antartida-kids","status":"publish","type":"product","link":"https:\/\/rubi5.com\/staging\/chaqueta-softshell-antartida-kids\/","title":{"rendered":"Chaqueta softshell Antartida Kids"},"content":{"rendered":"<h2>TABLA DE TALLAS<\/h2>\n<table width=\"458\">\n<tbody>\n<tr>\n<td width=\"134\">TALLAS NI\u00d1OS:<\/td>\n<td width=\"84\">4<\/td>\n<td width=\"80\">8<\/td>\n<td width=\"80\">12<\/td>\n<td width=\"80\">16<\/td>\n<\/tr>\n<tr>\n<td>ANCHO (A)<\/td>\n<td>38cm<\/td>\n<td>42cm<\/td>\n<td>46cm<\/td>\n<td>50cm<\/td>\n<\/tr>\n<tr>\n<td>LARGO (B)<\/td>\n<td>53cm<\/td>\n<td>57cm<\/td>\n<td>61cm<\/td>\n<td>65cm<\/td>\n<\/tr>\n<\/tbody>\n<\/table>\n<p><img loading=\"lazy\" decoding=\"async\" class=\"alignnone wp-image-64926\" src=\"https:\/\/rubi5.com\/staging\/wp-content\/uploads\/2022\/12\/Tabla-de-tallas-softshell.png\" alt=\"Tabla de tallas softshell\" width=\"240\" height=\"202\" title=\"\" srcset=\"https:\/\/rubi5.com\/staging\/wp-content\/uploads\/2022\/12\/Tabla-de-tallas-softshell.png 301w, https:\/\/rubi5.com\/staging\/wp-content\/uploads\/2022\/12\/Tabla-de-tallas-softshell-14x12.png 14w, https:\/\/rubi5.com\/staging\/wp-content\/uploads\/2022\/12\/Tabla-de-tallas-softshell-150x126.png 150w\" sizes=\"auto, (max-width: 240px) 100vw, 240px\" \/><\/p>\n","protected":false},"excerpt":{"rendered":"<p>Softshell compuesto por 2 capas, con cremallera invertida efecto sellado, con protector de barbilla combinada y tirador. Corte en pecho (s\u00f3lo modelo masculino). Cuenta con tres bolsillos exteriores con cremallera combinada con tirador. Ajustadores en pu\u00f1os con velcro. Bajo con cord\u00f3n el\u00e1stico y topes.<\/p>\n","protected":false},"featured_media":55904,"template":"","meta":{"_acf_changed":false},"product_brand":[],"product_cat":[410,411,29],"product_tag":[],"class_list":{"0":"post-37732","1":"product","2":"type-product","3":"status-publish","4":"has-post-thumbnail","6":"product_cat-chaquetas-personalizadas","7":"product_cat-chaquetas-softshell","8":"product_cat-textil","9":"pa_marcas-roly","11":"first","12":"instock","13":"taxable","14":"shipping-taxable","15":"product-type-external"},"acf":[],"_links":{"self":[{"href":"https:\/\/rubi5.com\/staging\/wp-json\/wp\/v2\/product\/37732","targetHints":{"allow":["GET"]}}],"collection":[{"href":"https:\/\/rubi5.com\/staging\/wp-json\/wp\/v2\/product"}],"about":[{"href":"https:\/\/rubi5.com\/staging\/wp-json\/wp\/v2\/types\/product"}],"version-history":[{"count":7,"href":"https:\/\/rubi5.com\/staging\/wp-json\/wp\/v2\/product\/37732\/revisions"}],"predecessor-version":[{"id":64934,"href":"https:\/\/rubi5.com\/staging\/wp-json\/wp\/v2\/product\/37732\/revisions\/64934"}],"wp:featuredmedia":[{"embeddable":true,"href":"https:\/\/rubi5.com\/staging\/wp-json\/wp\/v2\/media\/55904"}],"wp:attachment":[{"href":"https:\/\/rubi5.com\/staging\/wp-json\/wp\/v2\/media?parent=37732"}],"wp:term":[{"taxonomy":"product_brand","embeddable":true,"href":"https:\/\/rubi5.com\/staging\/wp-json\/wp\/v2\/product_brand?post=37732"},{"taxonomy":"product_cat","embeddable":true,"href":"https:\/\/rubi5.com\/staging\/wp-json\/wp\/v2\/product_cat?post=37732"},{"taxonomy":"product_tag","embeddable":true,"href":"https:\/\/rubi5.com\/staging\/wp-json\/wp\/v2\/product_tag?post=37732"}],"curies":[{"name":"wp","href":"https:\/\/api.w.org\/{rel}","templated":true}]}}