{"id":38114,"date":"2023-01-19T10:24:18","date_gmt":"2023-01-19T08:24:18","guid":{"rendered":"https:\/\/rubi5.com\/?post_type=product&#038;p=38114"},"modified":"2024-12-12T10:28:32","modified_gmt":"2024-12-12T08:28:32","slug":"bic-style-boligrafo","status":"publish","type":"product","link":"https:\/\/rubi5.com\/staging\/bic-style-boligrafo\/","title":{"rendered":"BIC Style bol\u00edgrafo"},"content":{"rendered":"","protected":false},"excerpt":{"rendered":"<p>Bol\u00edgrafo BIC\u00ae style. Un cl\u00e1sico bol\u00edgrafo de tap\u00f3n en colores opacos.<\/p>\n<p>Tambi\u00e9n disponible en colores transparentes:\u00a0<a href=\"https:\/\/rubi5.com\/staging\/bic-style-boligrafo-clear\/\">BIC style bol\u00edgrafo clear<\/a><\/p>\n<p>Podr\u00e1s elegir entre tinta azul y tinta negra.<\/p>\n<p><strong>*IMPORTANTE* No es posible personalizar a m\u00e1s de 1 color<\/strong><\/p>\n","protected":false},"featured_media":66851,"template":"","meta":{"_acf_changed":false},"product_brand":[],"product_cat":[886,317,43],"product_tag":[],"class_list":{"0":"post-38114","1":"product","2":"type-product","3":"status-publish","4":"has-post-thumbnail","6":"product_cat-boligrafos-bic","7":"product_cat-boligrafos-personalizados","8":"product_cat-escritura","9":"pa_marcas-bic","11":"first","12":"instock","13":"taxable","14":"shipping-taxable","15":"purchasable","16":"product-type-variable"},"acf":[],"_links":{"self":[{"href":"https:\/\/rubi5.com\/staging\/wp-json\/wp\/v2\/product\/38114","targetHints":{"allow":["GET"]}}],"collection":[{"href":"https:\/\/rubi5.com\/staging\/wp-json\/wp\/v2\/product"}],"about":[{"href":"https:\/\/rubi5.com\/staging\/wp-json\/wp\/v2\/types\/product"}],"version-history":[{"count":6,"href":"https:\/\/rubi5.com\/staging\/wp-json\/wp\/v2\/product\/38114\/revisions"}],"predecessor-version":[{"id":66854,"href":"https:\/\/rubi5.com\/staging\/wp-json\/wp\/v2\/product\/38114\/revisions\/66854"}],"wp:featuredmedia":[{"embeddable":true,"href":"https:\/\/rubi5.com\/staging\/wp-json\/wp\/v2\/media\/66851"}],"wp:attachment":[{"href":"https:\/\/rubi5.com\/staging\/wp-json\/wp\/v2\/media?parent=38114"}],"wp:term":[{"taxonomy":"product_brand","embeddable":true,"href":"https:\/\/rubi5.com\/staging\/wp-json\/wp\/v2\/product_brand?post=38114"},{"taxonomy":"product_cat","embeddable":true,"href":"https:\/\/rubi5.com\/staging\/wp-json\/wp\/v2\/product_cat?post=38114"},{"taxonomy":"product_tag","embeddable":true,"href":"https:\/\/rubi5.com\/staging\/wp-json\/wp\/v2\/product_tag?post=38114"}],"curies":[{"name":"wp","href":"https:\/\/api.w.org\/{rel}","templated":true}]}}