{"id":38258,"date":"2023-01-19T11:40:17","date_gmt":"2023-01-19T09:40:17","guid":{"rendered":"https:\/\/rubi5.com\/?post_type=product&#038;p=38258"},"modified":"2024-01-30T12:48:13","modified_gmt":"2024-01-30T10:48:13","slug":"bic-evolution-classic-lapiz","status":"publish","type":"product","link":"https:\/\/rubi5.com\/staging\/bic-evolution-classic-lapiz\/","title":{"rendered":"BIC Evolution Classic l\u00e1piz"},"content":{"rendered":"","protected":false},"excerpt":{"rendered":"<p>L\u00e1piz de grafito de resina sint\u00e9tica, sin madera, hecho con un material reciclado, que no se astilla en caso de rotura. Resistente mina de grafito HB.<\/p>\n","protected":false},"featured_media":38303,"template":"","meta":{"_acf_changed":false},"product_brand":[],"product_cat":[886,317,43],"product_tag":[],"class_list":{"0":"post-38258","1":"product","2":"type-product","3":"status-publish","4":"has-post-thumbnail","6":"product_cat-boligrafos-bic","7":"product_cat-boligrafos-personalizados","8":"product_cat-escritura","9":"pa_marcas-bic","11":"first","12":"instock","13":"taxable","14":"shipping-taxable","15":"purchasable","16":"product-type-variable"},"acf":[],"_links":{"self":[{"href":"https:\/\/rubi5.com\/staging\/wp-json\/wp\/v2\/product\/38258","targetHints":{"allow":["GET"]}}],"collection":[{"href":"https:\/\/rubi5.com\/staging\/wp-json\/wp\/v2\/product"}],"about":[{"href":"https:\/\/rubi5.com\/staging\/wp-json\/wp\/v2\/types\/product"}],"version-history":[{"count":1,"href":"https:\/\/rubi5.com\/staging\/wp-json\/wp\/v2\/product\/38258\/revisions"}],"predecessor-version":[{"id":38308,"href":"https:\/\/rubi5.com\/staging\/wp-json\/wp\/v2\/product\/38258\/revisions\/38308"}],"wp:featuredmedia":[{"embeddable":true,"href":"https:\/\/rubi5.com\/staging\/wp-json\/wp\/v2\/media\/38303"}],"wp:attachment":[{"href":"https:\/\/rubi5.com\/staging\/wp-json\/wp\/v2\/media?parent=38258"}],"wp:term":[{"taxonomy":"product_brand","embeddable":true,"href":"https:\/\/rubi5.com\/staging\/wp-json\/wp\/v2\/product_brand?post=38258"},{"taxonomy":"product_cat","embeddable":true,"href":"https:\/\/rubi5.com\/staging\/wp-json\/wp\/v2\/product_cat?post=38258"},{"taxonomy":"product_tag","embeddable":true,"href":"https:\/\/rubi5.com\/staging\/wp-json\/wp\/v2\/product_tag?post=38258"}],"curies":[{"name":"wp","href":"https:\/\/api.w.org\/{rel}","templated":true}]}}