{"id":38259,"date":"2023-01-19T11:40:17","date_gmt":"2023-01-19T09:40:17","guid":{"rendered":"https:\/\/rubi5.com\/?post_type=product&#038;p=38259"},"modified":"2024-01-30T13:04:21","modified_gmt":"2024-01-30T11:04:21","slug":"bic-j23-encendedor","status":"publish","type":"product","link":"https:\/\/rubi5.com\/staging\/bic-j23-encendedor\/","title":{"rendered":"BIC J23 Encendedor"},"content":{"rendered":"","protected":false},"excerpt":{"rendered":"<p>Encendedor de BIC. Porque la marca BIC no es solo famosa por sus bol\u00edgrafos, tambi\u00e9n lo es por sus mecheros.<\/p>\n<p>Un mechero fino y elegante, c\u00f3modo de usar. Con una llama estable gracias al combustible puro de isobutano. El cuerpo del encendedor est\u00e1 fabricado en resina t\u00e9cnica con resistencia mec\u00e1nica alta. Regalar BIC, es regalar calidad.<\/p>\n<p>Cuando tus clientes reciban un mechero de esta marca, ya saben que les est\u00e1s regalando un art\u00edculo que no va a fallar. Una inversi\u00f3n en publicidad segura es comprar art\u00edculos publicitarios atractivos pero tambi\u00e9n pr\u00e1cticos, y estos mecheros personalizados son perfectos para\u00a0 sorprender a tu p\u00fablico.<\/p>\n<p>&nbsp;<\/p>\n","protected":false},"featured_media":38309,"template":"","meta":{"_acf_changed":false},"product_brand":[],"product_cat":[731,980,982],"product_tag":[],"class_list":{"0":"post-38259","1":"product","2":"type-product","3":"status-publish","4":"has-post-thumbnail","6":"product_cat-mecheros-personalizados","7":"product_cat-mas-regalos","8":"product_cat-regalos-para-fumadores","9":"pa_marcas-bic","11":"first","12":"instock","13":"taxable","14":"shipping-taxable","15":"product-type-external"},"acf":[],"_links":{"self":[{"href":"https:\/\/rubi5.com\/staging\/wp-json\/wp\/v2\/product\/38259","targetHints":{"allow":["GET"]}}],"collection":[{"href":"https:\/\/rubi5.com\/staging\/wp-json\/wp\/v2\/product"}],"about":[{"href":"https:\/\/rubi5.com\/staging\/wp-json\/wp\/v2\/types\/product"}],"version-history":[{"count":3,"href":"https:\/\/rubi5.com\/staging\/wp-json\/wp\/v2\/product\/38259\/revisions"}],"predecessor-version":[{"id":56385,"href":"https:\/\/rubi5.com\/staging\/wp-json\/wp\/v2\/product\/38259\/revisions\/56385"}],"wp:featuredmedia":[{"embeddable":true,"href":"https:\/\/rubi5.com\/staging\/wp-json\/wp\/v2\/media\/38309"}],"wp:attachment":[{"href":"https:\/\/rubi5.com\/staging\/wp-json\/wp\/v2\/media?parent=38259"}],"wp:term":[{"taxonomy":"product_brand","embeddable":true,"href":"https:\/\/rubi5.com\/staging\/wp-json\/wp\/v2\/product_brand?post=38259"},{"taxonomy":"product_cat","embeddable":true,"href":"https:\/\/rubi5.com\/staging\/wp-json\/wp\/v2\/product_cat?post=38259"},{"taxonomy":"product_tag","embeddable":true,"href":"https:\/\/rubi5.com\/staging\/wp-json\/wp\/v2\/product_tag?post=38259"}],"curies":[{"name":"wp","href":"https:\/\/api.w.org\/{rel}","templated":true}]}}